{"id":32832,"date":"2023-12-14T20:43:56","date_gmt":"2023-12-14T19:43:56","guid":{"rendered":"https:\/\/store.csslabs.de\/wp20\/product\/ga-cradle-griff\/"},"modified":"2026-04-10T20:30:50","modified_gmt":"2026-04-10T20:30:50","slug":"ga-cradle-griff","status":"publish","type":"product","link":"https:\/\/store.csslabs.de\/wp20\/en\/product\/ga-cradle-griff\/","title":{"rendered":"GA Cradle Griff"},"content":{"rendered":"<p>&nbsp;<\/p>\n","protected":false},"excerpt":{"rendered":"<p>Handgriff zur Befestigung an der R\u00fcckseite eines Rehadapt Ger\u00e4teadapters f\u00fcr iPads oder Surface Pros. Kann als Tragegriff verwendet werden und erm\u00f6glicht ein einfaches herausnehmen aus der UGA. Ideal, wenn ein Eyetracker angebracht ist.<\/p>\n","protected":false},"featured_media":33566,"template":"","meta":[],"product_cat":[380,372],"product_tag":[405],"class_list":{"0":"post-32832","1":"product","2":"type-product","3":"status-publish","4":"has-post-thumbnail","6":"product_cat-380","7":"product_cat-372","8":"product_tag-rehadapt","11":"first","12":"onbackorder","13":"taxable","14":"shipping-taxable","15":"product-type-simple"},"yoast_head":"<!-- This site is optimized with the Yoast SEO plugin v27.2 - https:\/\/yoast.com\/product\/yoast-seo-wordpress\/ -->\n<title>GA Cradle Griff - CSS B2B Store \u2013 CSS MicroSystems GmbH<\/title>\n<meta name=\"robots\" content=\"index, follow, max-snippet:-1, max-image-preview:large, max-video-preview:-1\" \/>\n<link rel=\"canonical\" href=\"https:\/\/store.csslabs.de\/wp20\/en\/product\/ga-cradle-griff\/\" \/>\n<meta property=\"og:locale\" content=\"en_US\" \/>\n<meta property=\"og:type\" content=\"article\" \/>\n<meta property=\"og:title\" content=\"GA Cradle Griff - CSS B2B Store \u2013 CSS MicroSystems GmbH\" \/>\n<meta property=\"og:description\" content=\"Handgriff zur Befestigung an der R\u00fcckseite eines Rehadapt Ger\u00e4teadapters f\u00fcr iPads oder Surface Pros. Kann als Tragegriff verwendet werden und erm\u00f6glicht ein einfaches herausnehmen aus der UGA. Ideal, wenn ein Eyetracker angebracht ist.\" \/>\n<meta property=\"og:url\" content=\"https:\/\/store.csslabs.de\/wp20\/en\/product\/ga-cradle-griff\/\" \/>\n<meta property=\"og:site_name\" content=\"CSS B2B Store \u2013 CSS MicroSystems GmbH\" \/>\n<meta property=\"article:publisher\" content=\"https:\/\/www.facebook.com\/css.microsystems\" \/>\n<meta property=\"article:modified_time\" content=\"2026-04-10T20:30:50+00:00\" \/>\n<meta name=\"twitter:card\" content=\"summary_large_image\" \/>\n<meta name=\"twitter:label1\" content=\"Est. reading time\" \/>\n\t<meta name=\"twitter:data1\" content=\"1 minute\" \/>\n<script type=\"application\/ld+json\" class=\"yoast-schema-graph\">{\"@context\":\"https:\/\/schema.org\",\"@graph\":[{\"@type\":\"WebPage\",\"@id\":\"https:\/\/store.csslabs.de\/wp20\/en\/product\/ga-cradle-griff\/\",\"url\":\"https:\/\/store.csslabs.de\/wp20\/en\/product\/ga-cradle-griff\/\",\"name\":\"GA Cradle Griff - CSS B2B Store \u2013 CSS MicroSystems GmbH\",\"isPartOf\":{\"@id\":\"https:\/\/store.csslabs.de\/wp20\/en\/#website\"},\"primaryImageOfPage\":{\"@id\":\"https:\/\/store.csslabs.de\/wp20\/en\/product\/ga-cradle-griff\/#primaryimage\"},\"image\":{\"@id\":\"https:\/\/store.csslabs.de\/wp20\/en\/product\/ga-cradle-griff\/#primaryimage\"},\"thumbnailUrl\":\"https:\/\/store.csslabs.de\/wp20\/wp-content\/uploads\/Artikelbilder\/RD-16.12510.jpg\",\"datePublished\":\"2023-12-14T19:43:56+00:00\",\"dateModified\":\"2026-04-10T20:30:50+00:00\",\"breadcrumb\":{\"@id\":\"https:\/\/store.csslabs.de\/wp20\/en\/product\/ga-cradle-griff\/#breadcrumb\"},\"inLanguage\":\"en-US\",\"potentialAction\":[{\"@type\":\"ReadAction\",\"target\":[\"https:\/\/store.csslabs.de\/wp20\/en\/product\/ga-cradle-griff\/\"]}]},{\"@type\":\"ImageObject\",\"inLanguage\":\"en-US\",\"@id\":\"https:\/\/store.csslabs.de\/wp20\/en\/product\/ga-cradle-griff\/#primaryimage\",\"url\":\"https:\/\/store.csslabs.de\/wp20\/wp-content\/uploads\/Artikelbilder\/RD-16.12510.jpg\",\"contentUrl\":\"https:\/\/store.csslabs.de\/wp20\/wp-content\/uploads\/Artikelbilder\/RD-16.12510.jpg\",\"width\":1077,\"height\":1077,\"caption\":\"GA Cradle Griff\"},{\"@type\":\"BreadcrumbList\",\"@id\":\"https:\/\/store.csslabs.de\/wp20\/en\/product\/ga-cradle-griff\/#breadcrumb\",\"itemListElement\":[{\"@type\":\"ListItem\",\"position\":1,\"name\":\"Home\",\"item\":\"https:\/\/store.csslabs.de\/wp20\/en\/\"},{\"@type\":\"ListItem\",\"position\":2,\"name\":\"Shop\",\"item\":\"https:\/\/store.csslabs.de\/wp20\/en\/shop-2\/\"},{\"@type\":\"ListItem\",\"position\":3,\"name\":\"GA Cradle Griff\"}]},{\"@type\":\"WebSite\",\"@id\":\"https:\/\/store.csslabs.de\/wp20\/en\/#website\",\"url\":\"https:\/\/store.csslabs.de\/wp20\/en\/\",\"name\":\"CSS B2B Store \u2013 CSS MicroSystems GmbH\",\"description\":\"The Assistive Technology Factory | B2B Store from The Assistiv Technology Factory\",\"publisher\":{\"@id\":\"https:\/\/store.csslabs.de\/wp20\/en\/#organization\"},\"potentialAction\":[{\"@type\":\"SearchAction\",\"target\":{\"@type\":\"EntryPoint\",\"urlTemplate\":\"https:\/\/store.csslabs.de\/wp20\/en\/?s={search_term_string}\"},\"query-input\":{\"@type\":\"PropertyValueSpecification\",\"valueRequired\":true,\"valueName\":\"search_term_string\"}}],\"inLanguage\":\"en-US\"},{\"@type\":\"Organization\",\"@id\":\"https:\/\/store.csslabs.de\/wp20\/en\/#organization\",\"name\":\"CSS B2B Store \u2013 CSS MicroSystems GmbH\",\"url\":\"https:\/\/store.csslabs.de\/wp20\/en\/\",\"logo\":{\"@type\":\"ImageObject\",\"inLanguage\":\"en-US\",\"@id\":\"https:\/\/store.csslabs.de\/wp20\/en\/#\/schema\/logo\/image\/\",\"url\":\"https:\/\/store.csslabs.de\/wp20\/wp-content\/uploads\/2022\/05\/CSS-Icon-ohneEffekte_web.png\",\"contentUrl\":\"https:\/\/store.csslabs.de\/wp20\/wp-content\/uploads\/2022\/05\/CSS-Icon-ohneEffekte_web.png\",\"width\":1243,\"height\":1278,\"caption\":\"CSS B2B Store \u2013 CSS MicroSystems GmbH\"},\"image\":{\"@id\":\"https:\/\/store.csslabs.de\/wp20\/en\/#\/schema\/logo\/image\/\"},\"sameAs\":[\"https:\/\/www.facebook.com\/css.microsystems\"]}]}<\/script>\n<!-- \/ Yoast SEO plugin. -->","yoast_head_json":{"title":"GA Cradle Griff - CSS B2B Store \u2013 CSS MicroSystems GmbH","robots":{"index":"index","follow":"follow","max-snippet":"max-snippet:-1","max-image-preview":"max-image-preview:large","max-video-preview":"max-video-preview:-1"},"canonical":"https:\/\/store.csslabs.de\/wp20\/en\/product\/ga-cradle-griff\/","og_locale":"en_US","og_type":"article","og_title":"GA Cradle Griff - CSS B2B Store \u2013 CSS MicroSystems GmbH","og_description":"Handgriff zur Befestigung an der R\u00fcckseite eines Rehadapt Ger\u00e4teadapters f\u00fcr iPads oder Surface Pros. Kann als Tragegriff verwendet werden und erm\u00f6glicht ein einfaches herausnehmen aus der UGA. Ideal, wenn ein Eyetracker angebracht ist.","og_url":"https:\/\/store.csslabs.de\/wp20\/en\/product\/ga-cradle-griff\/","og_site_name":"CSS B2B Store \u2013 CSS MicroSystems GmbH","article_publisher":"https:\/\/www.facebook.com\/css.microsystems","article_modified_time":"2026-04-10T20:30:50+00:00","twitter_card":"summary_large_image","twitter_misc":{"Est. reading time":"1 minute"},"schema":{"@context":"https:\/\/schema.org","@graph":[{"@type":"WebPage","@id":"https:\/\/store.csslabs.de\/wp20\/en\/product\/ga-cradle-griff\/","url":"https:\/\/store.csslabs.de\/wp20\/en\/product\/ga-cradle-griff\/","name":"GA Cradle Griff - CSS B2B Store \u2013 CSS MicroSystems GmbH","isPartOf":{"@id":"https:\/\/store.csslabs.de\/wp20\/en\/#website"},"primaryImageOfPage":{"@id":"https:\/\/store.csslabs.de\/wp20\/en\/product\/ga-cradle-griff\/#primaryimage"},"image":{"@id":"https:\/\/store.csslabs.de\/wp20\/en\/product\/ga-cradle-griff\/#primaryimage"},"thumbnailUrl":"https:\/\/store.csslabs.de\/wp20\/wp-content\/uploads\/Artikelbilder\/RD-16.12510.jpg","datePublished":"2023-12-14T19:43:56+00:00","dateModified":"2026-04-10T20:30:50+00:00","breadcrumb":{"@id":"https:\/\/store.csslabs.de\/wp20\/en\/product\/ga-cradle-griff\/#breadcrumb"},"inLanguage":"en-US","potentialAction":[{"@type":"ReadAction","target":["https:\/\/store.csslabs.de\/wp20\/en\/product\/ga-cradle-griff\/"]}]},{"@type":"ImageObject","inLanguage":"en-US","@id":"https:\/\/store.csslabs.de\/wp20\/en\/product\/ga-cradle-griff\/#primaryimage","url":"https:\/\/store.csslabs.de\/wp20\/wp-content\/uploads\/Artikelbilder\/RD-16.12510.jpg","contentUrl":"https:\/\/store.csslabs.de\/wp20\/wp-content\/uploads\/Artikelbilder\/RD-16.12510.jpg","width":1077,"height":1077,"caption":"GA Cradle Griff"},{"@type":"BreadcrumbList","@id":"https:\/\/store.csslabs.de\/wp20\/en\/product\/ga-cradle-griff\/#breadcrumb","itemListElement":[{"@type":"ListItem","position":1,"name":"Home","item":"https:\/\/store.csslabs.de\/wp20\/en\/"},{"@type":"ListItem","position":2,"name":"Shop","item":"https:\/\/store.csslabs.de\/wp20\/en\/shop-2\/"},{"@type":"ListItem","position":3,"name":"GA Cradle Griff"}]},{"@type":"WebSite","@id":"https:\/\/store.csslabs.de\/wp20\/en\/#website","url":"https:\/\/store.csslabs.de\/wp20\/en\/","name":"CSS B2B Store \u2013 CSS MicroSystems GmbH","description":"The Assistive Technology Factory | B2B Store from The Assistiv Technology Factory","publisher":{"@id":"https:\/\/store.csslabs.de\/wp20\/en\/#organization"},"potentialAction":[{"@type":"SearchAction","target":{"@type":"EntryPoint","urlTemplate":"https:\/\/store.csslabs.de\/wp20\/en\/?s={search_term_string}"},"query-input":{"@type":"PropertyValueSpecification","valueRequired":true,"valueName":"search_term_string"}}],"inLanguage":"en-US"},{"@type":"Organization","@id":"https:\/\/store.csslabs.de\/wp20\/en\/#organization","name":"CSS B2B Store \u2013 CSS MicroSystems GmbH","url":"https:\/\/store.csslabs.de\/wp20\/en\/","logo":{"@type":"ImageObject","inLanguage":"en-US","@id":"https:\/\/store.csslabs.de\/wp20\/en\/#\/schema\/logo\/image\/","url":"https:\/\/store.csslabs.de\/wp20\/wp-content\/uploads\/2022\/05\/CSS-Icon-ohneEffekte_web.png","contentUrl":"https:\/\/store.csslabs.de\/wp20\/wp-content\/uploads\/2022\/05\/CSS-Icon-ohneEffekte_web.png","width":1243,"height":1278,"caption":"CSS B2B Store \u2013 CSS MicroSystems GmbH"},"image":{"@id":"https:\/\/store.csslabs.de\/wp20\/en\/#\/schema\/logo\/image\/"},"sameAs":["https:\/\/www.facebook.com\/css.microsystems"]}]}},"_links":{"self":[{"href":"https:\/\/store.csslabs.de\/wp20\/en\/wp-json\/wp\/v2\/product\/32832","targetHints":{"allow":["GET"]}}],"collection":[{"href":"https:\/\/store.csslabs.de\/wp20\/en\/wp-json\/wp\/v2\/product"}],"about":[{"href":"https:\/\/store.csslabs.de\/wp20\/en\/wp-json\/wp\/v2\/types\/product"}],"version-history":[{"count":0,"href":"https:\/\/store.csslabs.de\/wp20\/en\/wp-json\/wp\/v2\/product\/32832\/revisions"}],"wp:featuredmedia":[{"embeddable":true,"href":"https:\/\/store.csslabs.de\/wp20\/en\/wp-json\/wp\/v2\/media\/33566"}],"wp:attachment":[{"href":"https:\/\/store.csslabs.de\/wp20\/en\/wp-json\/wp\/v2\/media?parent=32832"}],"wp:term":[{"taxonomy":"product_cat","embeddable":true,"href":"https:\/\/store.csslabs.de\/wp20\/en\/wp-json\/wp\/v2\/product_cat?post=32832"},{"taxonomy":"product_tag","embeddable":true,"href":"https:\/\/store.csslabs.de\/wp20\/en\/wp-json\/wp\/v2\/product_tag?post=32832"}],"curies":[{"name":"wp","href":"https:\/\/api.w.org\/{rel}","templated":true}]}}