{"id":10,"date":"2020-02-24T09:08:53","date_gmt":"2020-02-24T09:08:53","guid":{"rendered":"https:\/\/store.csslabs.de\/wp20\/index.php\/impressum\/"},"modified":"2025-01-08T09:29:43","modified_gmt":"2025-01-08T08:29:43","slug":"impressum","status":"publish","type":"page","link":"https:\/\/store.csslabs.de\/wp20\/impressum\/","title":{"rendered":"Impressum"},"content":{"rendered":"\t\t<div data-elementor-type=\"wp-page\" data-elementor-id=\"10\" class=\"elementor elementor-10\">\n\t\t\t\t\t\t<section class=\"elementor-section elementor-top-section elementor-element elementor-element-b5ba9d6 elementor-section-boxed elementor-section-height-default elementor-section-height-default\" data-id=\"b5ba9d6\" data-element_type=\"section\" data-e-type=\"section\">\n\t\t\t\t\t\t<div class=\"elementor-container elementor-column-gap-default\">\n\t\t\t\t\t<div class=\"elementor-column elementor-col-100 elementor-top-column elementor-element elementor-element-5c9a281\" data-id=\"5c9a281\" data-element_type=\"column\" data-e-type=\"column\">\n\t\t\t<div class=\"elementor-widget-wrap elementor-element-populated\">\n\t\t\t\t\t\t<div class=\"elementor-element elementor-element-90dd06d elementor-widget elementor-widget-text-editor\" data-id=\"90dd06d\" data-element_type=\"widget\" data-e-type=\"widget\" data-widget_type=\"text-editor.default\">\n\t\t\t\t<div class=\"elementor-widget-container\">\n\t\t\t\t\t\t\t\t\t<p style=\"font-style: normal; letter-spacing: 0.3px;\">CSS MicroSystems GmbH<br \/>Gesch\u00e4ftsf\u00fchrer: Dierk Schmid<br \/>In den Hof\u00e4ckern 16<br \/>74189 Weinsberg<br \/>Deutschland<br \/>Email:\u00a0<a href=\"mailto:css@css-microsystems.de\">css@css-microsystems.de<\/a><br \/>Telefon: 07134-535 000-0<br \/>Gesellschafter:\u00a0<br \/>Registergericht &amp; Registernummer: Amtsgericht Stuttgart HRB 730767<br \/>Umsatzsteuer-Identifikationsnummer: DE266034658<\/p><p style=\"font-style: normal; letter-spacing: 0.3px;\">Verantwortlich f\u00fcr den Inhalt: Dierk Schmid<\/p><p style=\"font-style: normal; letter-spacing: 0.3px;\">Plattform der Europ\u00e4ischen Kommission zur Online-Streitbeilegung (OS) f\u00fcr Verbraucher:\u00a0<a href=\"https:\/\/ec.europa.eu\/consumers\/odr\/\" target=\"_blank\" rel=\"noopener\">https:\/\/ec.europa.eu\/consumers\/odr\/<\/a>. Wir sind nicht bereit und nicht verpflichtet an einem Streitbeilegungsverfahren vor einer Verbraucherschlichtungsstelle teilzunehmen.<\/p>\t\t\t\t\t\t\t\t<\/div>\n\t\t\t\t<\/div>\n\t\t\t\t\t<\/div>\n\t\t<\/div>\n\t\t\t\t\t<\/div>\n\t\t<\/section>\n\t\t\t\t<section class=\"elementor-section elementor-top-section elementor-element elementor-element-34abd8f3 elementor-hidden-desktop elementor-hidden-tablet elementor-hidden-mobile elementor-section-boxed elementor-section-height-default elementor-section-height-default\" data-id=\"34abd8f3\" data-element_type=\"section\" data-e-type=\"section\">\n\t\t\t\t\t\t<div class=\"elementor-container elementor-column-gap-default\">\n\t\t\t\t\t<div class=\"elementor-column elementor-col-100 elementor-top-column elementor-element elementor-element-12b4026b\" data-id=\"12b4026b\" data-element_type=\"column\" data-e-type=\"column\">\n\t\t\t<div class=\"elementor-widget-wrap elementor-element-populated\">\n\t\t\t\t\t\t<div class=\"elementor-element elementor-element-49e4e7ab elementor-widget elementor-widget-shortcode\" data-id=\"49e4e7ab\" data-element_type=\"widget\" data-e-type=\"widget\" data-widget_type=\"shortcode.default\">\n\t\t\t\t<div class=\"elementor-widget-container\">\n\t\t\t\t\t\t\t<div class=\"elementor-shortcode\"><p>CSS MicroSystems GmbH<br \/>Gesch\u00e4ftsf\u00fchrer: Dierk Schmid<br \/>In den Hof\u00e4ckern 16<br \/>74189 Weinsberg<br \/>Deutschland<br \/>Email: <a href=\"mailto:css@css-microsystems.de\">css@css-microsystems.de<\/a><br \/>Telefon: 07134 5103111<br \/>Gesellschafter: <br \/>Registergericht &amp; Registernummer: Amtsgericht Stuttgart HRB  730767<br \/>Umsatzsteuer-Identifikationsnummer: DE266034658<\/p>\n<p>Verantwortlich f\u00fcr den Inhalt: Dierk Schmid<\/p>\n<\/div>\n\t\t\t\t\t\t<\/div>\n\t\t\t\t<\/div>\n\t\t\t\t\t<\/div>\n\t\t<\/div>\n\t\t\t\t\t<\/div>\n\t\t<\/section>\n\t\t\t\t<\/div>\n\t\t","protected":false},"excerpt":{"rendered":"<p>CSS MicroSystems GmbHGesch\u00e4ftsf\u00fchrer: Dierk SchmidIn den Hof\u00e4ckern 1674189 WeinsbergDeutschlandEmail:\u00a0css@css-microsystems.deTelefon: 07134-535 000-0Gesellschafter:\u00a0Registergericht &amp; Registernummer: Amtsgericht Stuttgart HRB 730767Umsatzsteuer-Identifikationsnummer: DE266034658 Verantwortlich f\u00fcr den Inhalt: Dierk Schmid Plattform der Europ\u00e4ischen Kommission zur Online-Streitbeilegung (OS) f\u00fcr Verbraucher:\u00a0https:\/\/ec.europa.eu\/consumers\/odr\/. Wir sind nicht bereit und nicht verpflichtet an einem Streitbeilegungsverfahren vor einer Verbraucherschlichtungsstelle teilzunehmen.<\/p>\n","protected":false},"author":1,"featured_media":0,"parent":0,"menu_order":0,"comment_status":"closed","ping_status":"closed","template":"","meta":{"footnotes":""},"class_list":["post-10","page","type-page","status-publish","hentry"],"yoast_head":"<!-- This site is optimized with the Yoast SEO plugin v27.2 - https:\/\/yoast.com\/product\/yoast-seo-wordpress\/ -->\n<title>Impressum - CSS B2B Store \u2013 CSS MicroSystems GmbH<\/title>\n<meta name=\"robots\" content=\"index, follow, max-snippet:-1, max-image-preview:large, max-video-preview:-1\" \/>\n<link rel=\"canonical\" href=\"https:\/\/store.csslabs.de\/wp20\/impressum\/\" \/>\n<meta property=\"og:locale\" content=\"de_DE\" \/>\n<meta property=\"og:type\" content=\"article\" \/>\n<meta property=\"og:title\" content=\"Impressum - CSS B2B Store \u2013 CSS MicroSystems GmbH\" \/>\n<meta property=\"og:description\" content=\"CSS MicroSystems GmbHGesch\u00e4ftsf\u00fchrer: Dierk SchmidIn den Hof\u00e4ckern 1674189 WeinsbergDeutschlandEmail:\u00a0css@css-microsystems.deTelefon: 07134-535 000-0Gesellschafter:\u00a0Registergericht &amp; Registernummer: Amtsgericht Stuttgart HRB 730767Umsatzsteuer-Identifikationsnummer: DE266034658 Verantwortlich f\u00fcr den Inhalt: Dierk Schmid Plattform der Europ\u00e4ischen Kommission zur Online-Streitbeilegung (OS) f\u00fcr Verbraucher:\u00a0https:\/\/ec.europa.eu\/consumers\/odr\/. Wir sind nicht bereit und nicht verpflichtet an einem Streitbeilegungsverfahren vor einer Verbraucherschlichtungsstelle teilzunehmen.\" \/>\n<meta property=\"og:url\" content=\"https:\/\/store.csslabs.de\/wp20\/impressum\/\" \/>\n<meta property=\"og:site_name\" content=\"CSS B2B Store \u2013 CSS MicroSystems GmbH\" \/>\n<meta property=\"article:publisher\" content=\"https:\/\/www.facebook.com\/css.microsystems\" \/>\n<meta property=\"article:modified_time\" content=\"2025-01-08T08:29:43+00:00\" \/>\n<meta name=\"twitter:card\" content=\"summary_large_image\" \/>\n<script type=\"application\/ld+json\" class=\"yoast-schema-graph\">{\"@context\":\"https:\/\/schema.org\",\"@graph\":[{\"@type\":\"WebPage\",\"@id\":\"https:\/\/store.csslabs.de\/wp20\/impressum\/\",\"url\":\"https:\/\/store.csslabs.de\/wp20\/impressum\/\",\"name\":\"Impressum - CSS B2B Store \u2013 CSS MicroSystems GmbH\",\"isPartOf\":{\"@id\":\"https:\/\/store.csslabs.de\/wp20\/#website\"},\"datePublished\":\"2020-02-24T09:08:53+00:00\",\"dateModified\":\"2025-01-08T08:29:43+00:00\",\"breadcrumb\":{\"@id\":\"https:\/\/store.csslabs.de\/wp20\/impressum\/#breadcrumb\"},\"inLanguage\":\"de\",\"potentialAction\":[{\"@type\":\"ReadAction\",\"target\":[\"https:\/\/store.csslabs.de\/wp20\/impressum\/\"]}]},{\"@type\":\"BreadcrumbList\",\"@id\":\"https:\/\/store.csslabs.de\/wp20\/impressum\/#breadcrumb\",\"itemListElement\":[{\"@type\":\"ListItem\",\"position\":1,\"name\":\"Home\",\"item\":\"https:\/\/store.csslabs.de\/wp20\/\"},{\"@type\":\"ListItem\",\"position\":2,\"name\":\"Impressum\"}]},{\"@type\":\"WebSite\",\"@id\":\"https:\/\/store.csslabs.de\/wp20\/#website\",\"url\":\"https:\/\/store.csslabs.de\/wp20\/\",\"name\":\"CSS B2B Store \u2013 CSS MicroSystems GmbH\",\"description\":\"The Assistive Technology Factory | B2B Store from The Assistiv Technology Factory\",\"publisher\":{\"@id\":\"https:\/\/store.csslabs.de\/wp20\/#organization\"},\"potentialAction\":[{\"@type\":\"SearchAction\",\"target\":{\"@type\":\"EntryPoint\",\"urlTemplate\":\"https:\/\/store.csslabs.de\/wp20\/?s={search_term_string}\"},\"query-input\":{\"@type\":\"PropertyValueSpecification\",\"valueRequired\":true,\"valueName\":\"search_term_string\"}}],\"inLanguage\":\"de\"},{\"@type\":\"Organization\",\"@id\":\"https:\/\/store.csslabs.de\/wp20\/#organization\",\"name\":\"CSS B2B Store \u2013 CSS MicroSystems GmbH\",\"url\":\"https:\/\/store.csslabs.de\/wp20\/\",\"logo\":{\"@type\":\"ImageObject\",\"inLanguage\":\"de\",\"@id\":\"https:\/\/store.csslabs.de\/wp20\/#\/schema\/logo\/image\/\",\"url\":\"https:\/\/store.csslabs.de\/wp20\/wp-content\/uploads\/2022\/05\/CSS-Icon-ohneEffekte_web.png\",\"contentUrl\":\"https:\/\/store.csslabs.de\/wp20\/wp-content\/uploads\/2022\/05\/CSS-Icon-ohneEffekte_web.png\",\"width\":1243,\"height\":1278,\"caption\":\"CSS B2B Store \u2013 CSS MicroSystems GmbH\"},\"image\":{\"@id\":\"https:\/\/store.csslabs.de\/wp20\/#\/schema\/logo\/image\/\"},\"sameAs\":[\"https:\/\/www.facebook.com\/css.microsystems\"]}]}<\/script>\n<!-- \/ Yoast SEO plugin. -->","yoast_head_json":{"title":"Impressum - CSS B2B Store \u2013 CSS MicroSystems GmbH","robots":{"index":"index","follow":"follow","max-snippet":"max-snippet:-1","max-image-preview":"max-image-preview:large","max-video-preview":"max-video-preview:-1"},"canonical":"https:\/\/store.csslabs.de\/wp20\/impressum\/","og_locale":"de_DE","og_type":"article","og_title":"Impressum - CSS B2B Store \u2013 CSS MicroSystems GmbH","og_description":"CSS MicroSystems GmbHGesch\u00e4ftsf\u00fchrer: Dierk SchmidIn den Hof\u00e4ckern 1674189 WeinsbergDeutschlandEmail:\u00a0css@css-microsystems.deTelefon: 07134-535 000-0Gesellschafter:\u00a0Registergericht &amp; Registernummer: Amtsgericht Stuttgart HRB 730767Umsatzsteuer-Identifikationsnummer: DE266034658 Verantwortlich f\u00fcr den Inhalt: Dierk Schmid Plattform der Europ\u00e4ischen Kommission zur Online-Streitbeilegung (OS) f\u00fcr Verbraucher:\u00a0https:\/\/ec.europa.eu\/consumers\/odr\/. Wir sind nicht bereit und nicht verpflichtet an einem Streitbeilegungsverfahren vor einer Verbraucherschlichtungsstelle teilzunehmen.","og_url":"https:\/\/store.csslabs.de\/wp20\/impressum\/","og_site_name":"CSS B2B Store \u2013 CSS MicroSystems GmbH","article_publisher":"https:\/\/www.facebook.com\/css.microsystems","article_modified_time":"2025-01-08T08:29:43+00:00","twitter_card":"summary_large_image","schema":{"@context":"https:\/\/schema.org","@graph":[{"@type":"WebPage","@id":"https:\/\/store.csslabs.de\/wp20\/impressum\/","url":"https:\/\/store.csslabs.de\/wp20\/impressum\/","name":"Impressum - CSS B2B Store \u2013 CSS MicroSystems GmbH","isPartOf":{"@id":"https:\/\/store.csslabs.de\/wp20\/#website"},"datePublished":"2020-02-24T09:08:53+00:00","dateModified":"2025-01-08T08:29:43+00:00","breadcrumb":{"@id":"https:\/\/store.csslabs.de\/wp20\/impressum\/#breadcrumb"},"inLanguage":"de","potentialAction":[{"@type":"ReadAction","target":["https:\/\/store.csslabs.de\/wp20\/impressum\/"]}]},{"@type":"BreadcrumbList","@id":"https:\/\/store.csslabs.de\/wp20\/impressum\/#breadcrumb","itemListElement":[{"@type":"ListItem","position":1,"name":"Home","item":"https:\/\/store.csslabs.de\/wp20\/"},{"@type":"ListItem","position":2,"name":"Impressum"}]},{"@type":"WebSite","@id":"https:\/\/store.csslabs.de\/wp20\/#website","url":"https:\/\/store.csslabs.de\/wp20\/","name":"CSS B2B Store \u2013 CSS MicroSystems GmbH","description":"The Assistive Technology Factory | B2B Store from The Assistiv Technology Factory","publisher":{"@id":"https:\/\/store.csslabs.de\/wp20\/#organization"},"potentialAction":[{"@type":"SearchAction","target":{"@type":"EntryPoint","urlTemplate":"https:\/\/store.csslabs.de\/wp20\/?s={search_term_string}"},"query-input":{"@type":"PropertyValueSpecification","valueRequired":true,"valueName":"search_term_string"}}],"inLanguage":"de"},{"@type":"Organization","@id":"https:\/\/store.csslabs.de\/wp20\/#organization","name":"CSS B2B Store \u2013 CSS MicroSystems GmbH","url":"https:\/\/store.csslabs.de\/wp20\/","logo":{"@type":"ImageObject","inLanguage":"de","@id":"https:\/\/store.csslabs.de\/wp20\/#\/schema\/logo\/image\/","url":"https:\/\/store.csslabs.de\/wp20\/wp-content\/uploads\/2022\/05\/CSS-Icon-ohneEffekte_web.png","contentUrl":"https:\/\/store.csslabs.de\/wp20\/wp-content\/uploads\/2022\/05\/CSS-Icon-ohneEffekte_web.png","width":1243,"height":1278,"caption":"CSS B2B Store \u2013 CSS MicroSystems GmbH"},"image":{"@id":"https:\/\/store.csslabs.de\/wp20\/#\/schema\/logo\/image\/"},"sameAs":["https:\/\/www.facebook.com\/css.microsystems"]}]}},"_links":{"self":[{"href":"https:\/\/store.csslabs.de\/wp20\/wp-json\/wp\/v2\/pages\/10","targetHints":{"allow":["GET"]}}],"collection":[{"href":"https:\/\/store.csslabs.de\/wp20\/wp-json\/wp\/v2\/pages"}],"about":[{"href":"https:\/\/store.csslabs.de\/wp20\/wp-json\/wp\/v2\/types\/page"}],"author":[{"embeddable":true,"href":"https:\/\/store.csslabs.de\/wp20\/wp-json\/wp\/v2\/users\/1"}],"replies":[{"embeddable":true,"href":"https:\/\/store.csslabs.de\/wp20\/wp-json\/wp\/v2\/comments?post=10"}],"version-history":[{"count":0,"href":"https:\/\/store.csslabs.de\/wp20\/wp-json\/wp\/v2\/pages\/10\/revisions"}],"wp:attachment":[{"href":"https:\/\/store.csslabs.de\/wp20\/wp-json\/wp\/v2\/media?parent=10"}],"curies":[{"name":"wp","href":"https:\/\/api.w.org\/{rel}","templated":true}]}}