{"id":216,"date":"2019-09-26T09:30:49","date_gmt":"2019-09-26T07:30:49","guid":{"rendered":"http:\/\/wordpress.templatemela.com\/woo\/WCM05\/WCM050116\/elementor\/?page_id=216"},"modified":"2022-05-17T10:23:14","modified_gmt":"2022-05-17T08:23:14","slug":"shop-about","status":"publish","type":"page","link":"https:\/\/store.csslabs.de\/wp20\/shop-about\/","title":{"rendered":"Unser B2B Online Store"},"content":{"rendered":"\t\t<div data-elementor-type=\"wp-page\" data-elementor-id=\"216\" class=\"elementor elementor-216\">\n\t\t\t\t\t\t<section class=\"elementor-section elementor-top-section elementor-element elementor-element-03eeb22 elementor-section-boxed elementor-section-height-default elementor-section-height-default\" data-id=\"03eeb22\" data-element_type=\"section\" data-e-type=\"section\">\n\t\t\t\t\t\t<div class=\"elementor-container elementor-column-gap-default\">\n\t\t\t\t\t<div class=\"elementor-column elementor-col-100 elementor-top-column elementor-element elementor-element-8a11ce6\" data-id=\"8a11ce6\" data-element_type=\"column\" data-e-type=\"column\">\n\t\t\t<div class=\"elementor-widget-wrap elementor-element-populated\">\n\t\t\t\t\t\t<div class=\"elementor-element elementor-element-70edd7f elementor-widget elementor-widget-text-editor\" data-id=\"70edd7f\" data-element_type=\"widget\" data-e-type=\"widget\" data-widget_type=\"text-editor.default\">\n\t\t\t\t<div class=\"elementor-widget-container\">\n\t\t\t\t\t\t\t\t\t<p>Das wissen wir bereits seit Jahrzenten:<\/p><p>CSS MicroSystems entwickelt, produziert und vertreibt elektronische Hilfsmittel f\u00fcr Menschen mit Handicap und im Bereich Klinikausstattung. Uns begeistert, High-Tech sinnvoll einzusetzen. Daf\u00fcr wurden wir schon mehrfach ausgezeichnet. Der Fokus liegt auf Produkten f\u00fcr Umfeldsteuerung, assistive Rufausl\u00f6sungen f\u00fcr Klinik und Pflege sowie assistiven Computerzugang.<\/p><p><strong>Aber was gibt es Neues?<\/strong><\/p>\t\t\t\t\t\t\t\t<\/div>\n\t\t\t\t<\/div>\n\t\t\t\t<section class=\"elementor-section elementor-inner-section elementor-element elementor-element-199587c elementor-section-boxed elementor-section-height-default elementor-section-height-default\" data-id=\"199587c\" data-element_type=\"section\" data-e-type=\"section\">\n\t\t\t\t\t\t<div class=\"elementor-container elementor-column-gap-default\">\n\t\t\t\t\t<div class=\"elementor-column elementor-col-33 elementor-inner-column elementor-element elementor-element-de74ce5\" data-id=\"de74ce5\" data-element_type=\"column\" data-e-type=\"column\">\n\t\t\t<div class=\"elementor-widget-wrap elementor-element-populated\">\n\t\t\t\t\t\t<div class=\"elementor-element elementor-element-7346be6 elementor-widget elementor-widget-image\" data-id=\"7346be6\" data-element_type=\"widget\" data-e-type=\"widget\" data-widget_type=\"image.default\">\n\t\t\t\t<div class=\"elementor-widget-container\">\n\t\t\t\t\t\t\t\t\t\t\t\t\t\t\t<img decoding=\"async\" src=\"https:\/\/store.csslabs.de\/wp20\/wp-content\/uploads\/elementor\/thumbs\/20200722_CSS-MicroSystems_Team_56-scaled-1-pvdiaaruhhlvedz6a4xeph95muetpqe4opevbvxjt4.jpg\" title=\"20200722_CSS-MicroSystems_Team_56-scaled\" alt=\"20200722_CSS-MicroSystems_Team_56-scaled\" loading=\"lazy\" \/>\t\t\t\t\t\t\t\t\t\t\t\t\t\t\t<\/div>\n\t\t\t\t<\/div>\n\t\t\t\t\t<\/div>\n\t\t<\/div>\n\t\t\t\t<div class=\"elementor-column elementor-col-33 elementor-inner-column elementor-element elementor-element-2ef790e\" data-id=\"2ef790e\" data-element_type=\"column\" data-e-type=\"column\">\n\t\t\t<div class=\"elementor-widget-wrap elementor-element-populated\">\n\t\t\t\t\t\t<div class=\"elementor-element elementor-element-5c71b88 elementor-widget elementor-widget-image\" data-id=\"5c71b88\" data-element_type=\"widget\" data-e-type=\"widget\" data-widget_type=\"image.default\">\n\t\t\t\t<div class=\"elementor-widget-container\">\n\t\t\t\t\t\t\t\t\t\t\t\t\t\t\t<img decoding=\"async\" src=\"https:\/\/store.csslabs.de\/wp20\/wp-content\/uploads\/elementor\/thumbs\/20200721_CSS-MicroSystems_Team_24-1-scaled-1-pvdiaaruhhlvedz6a4xeph95muetpqe4opevbvxjt4.jpg\" title=\"20200721_CSS-MicroSystems_Team_24-1-scaled\" alt=\"20200721_CSS-MicroSystems_Team_24-1-scaled\" loading=\"lazy\" \/>\t\t\t\t\t\t\t\t\t\t\t\t\t\t\t<\/div>\n\t\t\t\t<\/div>\n\t\t\t\t\t<\/div>\n\t\t<\/div>\n\t\t\t\t<div class=\"elementor-column elementor-col-33 elementor-inner-column elementor-element elementor-element-9c691fa\" data-id=\"9c691fa\" data-element_type=\"column\" data-e-type=\"column\">\n\t\t\t<div class=\"elementor-widget-wrap elementor-element-populated\">\n\t\t\t\t\t\t<div class=\"elementor-element elementor-element-286c513 elementor-widget elementor-widget-image\" data-id=\"286c513\" data-element_type=\"widget\" data-e-type=\"widget\" data-widget_type=\"image.default\">\n\t\t\t\t<div class=\"elementor-widget-container\">\n\t\t\t\t\t\t\t\t\t\t\t\t\t\t\t<img decoding=\"async\" src=\"https:\/\/store.csslabs.de\/wp20\/wp-content\/uploads\/elementor\/thumbs\/20200721_CSS-MicroSystems_Team_17-scaled-1-pvdiaaruhhlvedz6a4xeph95muetpqe4opevbvxjt4.jpg\" title=\"20200721_CSS-MicroSystems_Team_17-scaled\" alt=\"20200721_CSS-MicroSystems_Team_17-scaled\" loading=\"lazy\" \/>\t\t\t\t\t\t\t\t\t\t\t\t\t\t\t<\/div>\n\t\t\t\t<\/div>\n\t\t\t\t\t<\/div>\n\t\t<\/div>\n\t\t\t\t\t<\/div>\n\t\t<\/section>\n\t\t\t\t<div class=\"elementor-element elementor-element-6d1ba7a elementor-widget elementor-widget-text-editor\" data-id=\"6d1ba7a\" data-element_type=\"widget\" data-e-type=\"widget\" data-widget_type=\"text-editor.default\">\n\t\t\t\t<div class=\"elementor-widget-container\">\n\t\t\t\t\t\t\t\t\t<p>Unser Unternehmen w\u00e4chst stetig und um unseren Kunden den besten Service zu bieten, haben wir uns etwas ausgedacht.<br \/>Seit Mai 2022 k\u00f6nnen Sie als Fachh\u00e4ndler auch Produkte einfach und flexibel in unserem Online-Store bestellen. Unser Sales-Team arbeitet Ihre Auftragsanfrage ab und erstellt Ihnen ein passendes Angebot. Hierbei achten wir stehts darauf, dass alle ausgew\u00e4hlten Produkte zueinander passen und gew\u00e4hrleisten weiterhin eine hochwertige Fachberatung. So k\u00f6nnen Sie sich sicher sein, kein Produkt vergessen zu haben.<\/p><p>Falls Sie Fragen zu einem Produkt haben k\u00f6nnen Sie weiterhin uns per E-Mail oder telefonisch kontaktieren. Unser Team hilft Ihnen gern weiter.<\/p><p>Wir freuen uns, von Ihnen zu \u00f6ren.<\/p>\t\t\t\t\t\t\t\t<\/div>\n\t\t\t\t<\/div>\n\t\t\t\t<div class=\"elementor-element elementor-element-c95feeb elementor-widget elementor-widget-heading\" data-id=\"c95feeb\" data-element_type=\"widget\" data-e-type=\"widget\" data-widget_type=\"heading.default\">\n\t\t\t\t<div class=\"elementor-widget-container\">\n\t\t\t\t\t<h5 class=\"elementor-heading-title elementor-size-default\"><a href=\"https:\/\/www.csslabs.de\/cms20\/ueber-uns\/\">Ihr CSS-Team<\/a><\/h5>\t\t\t\t<\/div>\n\t\t\t\t<\/div>\n\t\t\t\t\t<\/div>\n\t\t<\/div>\n\t\t\t\t\t<\/div>\n\t\t<\/section>\n\t\t\t\t<section class=\"elementor-section elementor-top-section elementor-element elementor-element-6d91c73 elementor-section-boxed elementor-section-height-default elementor-section-height-default\" data-id=\"6d91c73\" data-element_type=\"section\" data-e-type=\"section\">\n\t\t\t\t\t\t<div class=\"elementor-container elementor-column-gap-default\">\n\t\t\t\t\t<div class=\"elementor-column elementor-col-100 elementor-top-column elementor-element elementor-element-022e550\" data-id=\"022e550\" data-element_type=\"column\" data-e-type=\"column\">\n\t\t\t<div class=\"elementor-widget-wrap elementor-element-populated\">\n\t\t\t\t\t\t<section class=\"elementor-section elementor-inner-section elementor-element elementor-element-3967bfd elementor-section-boxed elementor-section-height-default elementor-section-height-default\" data-id=\"3967bfd\" data-element_type=\"section\" data-e-type=\"section\">\n\t\t\t\t\t\t<div class=\"elementor-container elementor-column-gap-default\">\n\t\t\t\t\t<div class=\"elementor-column elementor-col-100 elementor-inner-column elementor-element elementor-element-13dc564\" data-id=\"13dc564\" data-element_type=\"column\" data-e-type=\"column\">\n\t\t\t<div class=\"elementor-widget-wrap\">\n\t\t\t\t\t\t\t<\/div>\n\t\t<\/div>\n\t\t\t\t\t<\/div>\n\t\t<\/section>\n\t\t\t\t<div class=\"elementor-element elementor-element-f55228f elementor-widget elementor-widget-spacer\" data-id=\"f55228f\" data-element_type=\"widget\" data-e-type=\"widget\" data-widget_type=\"spacer.default\">\n\t\t\t\t<div class=\"elementor-widget-container\">\n\t\t\t\t\t\t\t<div class=\"elementor-spacer\">\n\t\t\t<div class=\"elementor-spacer-inner\"><\/div>\n\t\t<\/div>\n\t\t\t\t\t\t<\/div>\n\t\t\t\t<\/div>\n\t\t\t\t\t<\/div>\n\t\t<\/div>\n\t\t\t\t\t<\/div>\n\t\t<\/section>\n\t\t\t\t<\/div>\n\t\t","protected":false},"excerpt":{"rendered":"<p>Das wissen wir bereits seit Jahrzenten: CSS MicroSystems entwickelt, produziert und vertreibt elektronische Hilfsmittel f\u00fcr Menschen mit Handicap und im Bereich Klinikausstattung. Uns begeistert, High-Tech sinnvoll einzusetzen. Daf\u00fcr wurden wir schon mehrfach ausgezeichnet. Der Fokus liegt auf Produkten f\u00fcr Umfeldsteuerung, assistive Rufausl\u00f6sungen f\u00fcr Klinik und Pflege sowie assistiven Computerzugang. Aber was gibt es Neues? Unser [&hellip;]<\/p>\n","protected":false},"author":1,"featured_media":0,"parent":0,"menu_order":0,"comment_status":"closed","ping_status":"closed","template":"","meta":{"footnotes":""},"class_list":["post-216","page","type-page","status-publish","hentry"],"yoast_head":"<!-- This site is optimized with the Yoast SEO plugin v27.2 - https:\/\/yoast.com\/product\/yoast-seo-wordpress\/ -->\n<title>Unser B2B Online Store - CSS B2B Store \u2013 CSS MicroSystems GmbH<\/title>\n<meta name=\"robots\" content=\"index, follow, max-snippet:-1, max-image-preview:large, max-video-preview:-1\" \/>\n<link rel=\"canonical\" href=\"https:\/\/store.csslabs.de\/wp20\/shop-about\/\" \/>\n<meta property=\"og:locale\" content=\"de_DE\" \/>\n<meta property=\"og:type\" content=\"article\" \/>\n<meta property=\"og:title\" content=\"Unser B2B Online Store - CSS B2B Store \u2013 CSS MicroSystems GmbH\" \/>\n<meta property=\"og:description\" content=\"Das wissen wir bereits seit Jahrzenten: CSS MicroSystems entwickelt, produziert und vertreibt elektronische Hilfsmittel f\u00fcr Menschen mit Handicap und im Bereich Klinikausstattung. Uns begeistert, High-Tech sinnvoll einzusetzen. Daf\u00fcr wurden wir schon mehrfach ausgezeichnet. Der Fokus liegt auf Produkten f\u00fcr Umfeldsteuerung, assistive Rufausl\u00f6sungen f\u00fcr Klinik und Pflege sowie assistiven Computerzugang. Aber was gibt es Neues? Unser [&hellip;]\" \/>\n<meta property=\"og:url\" content=\"https:\/\/store.csslabs.de\/wp20\/shop-about\/\" \/>\n<meta property=\"og:site_name\" content=\"CSS B2B Store \u2013 CSS MicroSystems GmbH\" \/>\n<meta property=\"article:publisher\" content=\"https:\/\/www.facebook.com\/css.microsystems\" \/>\n<meta property=\"article:modified_time\" content=\"2022-05-17T08:23:14+00:00\" \/>\n<meta property=\"og:image\" content=\"https:\/\/store.csslabs.de\/wp20\/wp-content\/uploads\/elementor\/thumbs\/20200722_CSS-MicroSystems_Team_56-scaled-1-pobx7qtzot91kbflbut7faiyvffzu8crbahuxrgbk8.jpg\" \/>\n<meta name=\"twitter:card\" content=\"summary_large_image\" \/>\n<meta name=\"twitter:label1\" content=\"Gesch\u00e4tzte Lesezeit\" \/>\n\t<meta name=\"twitter:data1\" content=\"2\u00a0Minuten\" \/>\n<script type=\"application\/ld+json\" class=\"yoast-schema-graph\">{\"@context\":\"https:\/\/schema.org\",\"@graph\":[{\"@type\":\"WebPage\",\"@id\":\"https:\/\/store.csslabs.de\/wp20\/shop-about\/\",\"url\":\"https:\/\/store.csslabs.de\/wp20\/shop-about\/\",\"name\":\"Unser B2B Online Store - CSS B2B Store \u2013 CSS MicroSystems GmbH\",\"isPartOf\":{\"@id\":\"https:\/\/store.csslabs.de\/wp20\/#website\"},\"primaryImageOfPage\":{\"@id\":\"https:\/\/store.csslabs.de\/wp20\/shop-about\/#primaryimage\"},\"image\":{\"@id\":\"https:\/\/store.csslabs.de\/wp20\/shop-about\/#primaryimage\"},\"thumbnailUrl\":\"https:\/\/store.csslabs.de\/wp20\/wp-content\/uploads\/elementor\/thumbs\/20200722_CSS-MicroSystems_Team_56-scaled-1-pobx7qtzot91kbflbut7faiyvffzu8crbahuxrgbk8.jpg\",\"datePublished\":\"2019-09-26T07:30:49+00:00\",\"dateModified\":\"2022-05-17T08:23:14+00:00\",\"breadcrumb\":{\"@id\":\"https:\/\/store.csslabs.de\/wp20\/shop-about\/#breadcrumb\"},\"inLanguage\":\"de\",\"potentialAction\":[{\"@type\":\"ReadAction\",\"target\":[\"https:\/\/store.csslabs.de\/wp20\/shop-about\/\"]}]},{\"@type\":\"ImageObject\",\"inLanguage\":\"de\",\"@id\":\"https:\/\/store.csslabs.de\/wp20\/shop-about\/#primaryimage\",\"url\":\"https:\/\/store.csslabs.de\/wp20\/wp-content\/uploads\/elementor\/thumbs\/20200722_CSS-MicroSystems_Team_56-scaled-1-pobx7qtzot91kbflbut7faiyvffzu8crbahuxrgbk8.jpg\",\"contentUrl\":\"https:\/\/store.csslabs.de\/wp20\/wp-content\/uploads\/elementor\/thumbs\/20200722_CSS-MicroSystems_Team_56-scaled-1-pobx7qtzot91kbflbut7faiyvffzu8crbahuxrgbk8.jpg\"},{\"@type\":\"BreadcrumbList\",\"@id\":\"https:\/\/store.csslabs.de\/wp20\/shop-about\/#breadcrumb\",\"itemListElement\":[{\"@type\":\"ListItem\",\"position\":1,\"name\":\"Home\",\"item\":\"https:\/\/store.csslabs.de\/wp20\/\"},{\"@type\":\"ListItem\",\"position\":2,\"name\":\"Unser B2B Online Store\"}]},{\"@type\":\"WebSite\",\"@id\":\"https:\/\/store.csslabs.de\/wp20\/#website\",\"url\":\"https:\/\/store.csslabs.de\/wp20\/\",\"name\":\"CSS B2B Store \u2013 CSS MicroSystems GmbH\",\"description\":\"The Assistive Technology Factory | B2B Store from The Assistiv Technology Factory\",\"publisher\":{\"@id\":\"https:\/\/store.csslabs.de\/wp20\/#organization\"},\"potentialAction\":[{\"@type\":\"SearchAction\",\"target\":{\"@type\":\"EntryPoint\",\"urlTemplate\":\"https:\/\/store.csslabs.de\/wp20\/?s={search_term_string}\"},\"query-input\":{\"@type\":\"PropertyValueSpecification\",\"valueRequired\":true,\"valueName\":\"search_term_string\"}}],\"inLanguage\":\"de\"},{\"@type\":\"Organization\",\"@id\":\"https:\/\/store.csslabs.de\/wp20\/#organization\",\"name\":\"CSS B2B Store \u2013 CSS MicroSystems GmbH\",\"url\":\"https:\/\/store.csslabs.de\/wp20\/\",\"logo\":{\"@type\":\"ImageObject\",\"inLanguage\":\"de\",\"@id\":\"https:\/\/store.csslabs.de\/wp20\/#\/schema\/logo\/image\/\",\"url\":\"https:\/\/store.csslabs.de\/wp20\/wp-content\/uploads\/2022\/05\/CSS-Icon-ohneEffekte_web.png\",\"contentUrl\":\"https:\/\/store.csslabs.de\/wp20\/wp-content\/uploads\/2022\/05\/CSS-Icon-ohneEffekte_web.png\",\"width\":1243,\"height\":1278,\"caption\":\"CSS B2B Store \u2013 CSS MicroSystems GmbH\"},\"image\":{\"@id\":\"https:\/\/store.csslabs.de\/wp20\/#\/schema\/logo\/image\/\"},\"sameAs\":[\"https:\/\/www.facebook.com\/css.microsystems\"]}]}<\/script>\n<!-- \/ Yoast SEO plugin. -->","yoast_head_json":{"title":"Unser B2B Online Store - CSS B2B Store \u2013 CSS MicroSystems GmbH","robots":{"index":"index","follow":"follow","max-snippet":"max-snippet:-1","max-image-preview":"max-image-preview:large","max-video-preview":"max-video-preview:-1"},"canonical":"https:\/\/store.csslabs.de\/wp20\/shop-about\/","og_locale":"de_DE","og_type":"article","og_title":"Unser B2B Online Store - CSS B2B Store \u2013 CSS MicroSystems GmbH","og_description":"Das wissen wir bereits seit Jahrzenten: CSS MicroSystems entwickelt, produziert und vertreibt elektronische Hilfsmittel f\u00fcr Menschen mit Handicap und im Bereich Klinikausstattung. Uns begeistert, High-Tech sinnvoll einzusetzen. Daf\u00fcr wurden wir schon mehrfach ausgezeichnet. Der Fokus liegt auf Produkten f\u00fcr Umfeldsteuerung, assistive Rufausl\u00f6sungen f\u00fcr Klinik und Pflege sowie assistiven Computerzugang. Aber was gibt es Neues? Unser [&hellip;]","og_url":"https:\/\/store.csslabs.de\/wp20\/shop-about\/","og_site_name":"CSS B2B Store \u2013 CSS MicroSystems GmbH","article_publisher":"https:\/\/www.facebook.com\/css.microsystems","article_modified_time":"2022-05-17T08:23:14+00:00","og_image":[{"url":"https:\/\/store.csslabs.de\/wp20\/wp-content\/uploads\/elementor\/thumbs\/20200722_CSS-MicroSystems_Team_56-scaled-1-pobx7qtzot91kbflbut7faiyvffzu8crbahuxrgbk8.jpg","type":"","width":"","height":""}],"twitter_card":"summary_large_image","twitter_misc":{"Gesch\u00e4tzte Lesezeit":"2\u00a0Minuten"},"schema":{"@context":"https:\/\/schema.org","@graph":[{"@type":"WebPage","@id":"https:\/\/store.csslabs.de\/wp20\/shop-about\/","url":"https:\/\/store.csslabs.de\/wp20\/shop-about\/","name":"Unser B2B Online Store - CSS B2B Store \u2013 CSS MicroSystems GmbH","isPartOf":{"@id":"https:\/\/store.csslabs.de\/wp20\/#website"},"primaryImageOfPage":{"@id":"https:\/\/store.csslabs.de\/wp20\/shop-about\/#primaryimage"},"image":{"@id":"https:\/\/store.csslabs.de\/wp20\/shop-about\/#primaryimage"},"thumbnailUrl":"https:\/\/store.csslabs.de\/wp20\/wp-content\/uploads\/elementor\/thumbs\/20200722_CSS-MicroSystems_Team_56-scaled-1-pobx7qtzot91kbflbut7faiyvffzu8crbahuxrgbk8.jpg","datePublished":"2019-09-26T07:30:49+00:00","dateModified":"2022-05-17T08:23:14+00:00","breadcrumb":{"@id":"https:\/\/store.csslabs.de\/wp20\/shop-about\/#breadcrumb"},"inLanguage":"de","potentialAction":[{"@type":"ReadAction","target":["https:\/\/store.csslabs.de\/wp20\/shop-about\/"]}]},{"@type":"ImageObject","inLanguage":"de","@id":"https:\/\/store.csslabs.de\/wp20\/shop-about\/#primaryimage","url":"https:\/\/store.csslabs.de\/wp20\/wp-content\/uploads\/elementor\/thumbs\/20200722_CSS-MicroSystems_Team_56-scaled-1-pobx7qtzot91kbflbut7faiyvffzu8crbahuxrgbk8.jpg","contentUrl":"https:\/\/store.csslabs.de\/wp20\/wp-content\/uploads\/elementor\/thumbs\/20200722_CSS-MicroSystems_Team_56-scaled-1-pobx7qtzot91kbflbut7faiyvffzu8crbahuxrgbk8.jpg"},{"@type":"BreadcrumbList","@id":"https:\/\/store.csslabs.de\/wp20\/shop-about\/#breadcrumb","itemListElement":[{"@type":"ListItem","position":1,"name":"Home","item":"https:\/\/store.csslabs.de\/wp20\/"},{"@type":"ListItem","position":2,"name":"Unser B2B Online Store"}]},{"@type":"WebSite","@id":"https:\/\/store.csslabs.de\/wp20\/#website","url":"https:\/\/store.csslabs.de\/wp20\/","name":"CSS B2B Store \u2013 CSS MicroSystems GmbH","description":"The Assistive Technology Factory | B2B Store from The Assistiv Technology Factory","publisher":{"@id":"https:\/\/store.csslabs.de\/wp20\/#organization"},"potentialAction":[{"@type":"SearchAction","target":{"@type":"EntryPoint","urlTemplate":"https:\/\/store.csslabs.de\/wp20\/?s={search_term_string}"},"query-input":{"@type":"PropertyValueSpecification","valueRequired":true,"valueName":"search_term_string"}}],"inLanguage":"de"},{"@type":"Organization","@id":"https:\/\/store.csslabs.de\/wp20\/#organization","name":"CSS B2B Store \u2013 CSS MicroSystems GmbH","url":"https:\/\/store.csslabs.de\/wp20\/","logo":{"@type":"ImageObject","inLanguage":"de","@id":"https:\/\/store.csslabs.de\/wp20\/#\/schema\/logo\/image\/","url":"https:\/\/store.csslabs.de\/wp20\/wp-content\/uploads\/2022\/05\/CSS-Icon-ohneEffekte_web.png","contentUrl":"https:\/\/store.csslabs.de\/wp20\/wp-content\/uploads\/2022\/05\/CSS-Icon-ohneEffekte_web.png","width":1243,"height":1278,"caption":"CSS B2B Store \u2013 CSS MicroSystems GmbH"},"image":{"@id":"https:\/\/store.csslabs.de\/wp20\/#\/schema\/logo\/image\/"},"sameAs":["https:\/\/www.facebook.com\/css.microsystems"]}]}},"_links":{"self":[{"href":"https:\/\/store.csslabs.de\/wp20\/wp-json\/wp\/v2\/pages\/216","targetHints":{"allow":["GET"]}}],"collection":[{"href":"https:\/\/store.csslabs.de\/wp20\/wp-json\/wp\/v2\/pages"}],"about":[{"href":"https:\/\/store.csslabs.de\/wp20\/wp-json\/wp\/v2\/types\/page"}],"author":[{"embeddable":true,"href":"https:\/\/store.csslabs.de\/wp20\/wp-json\/wp\/v2\/users\/1"}],"replies":[{"embeddable":true,"href":"https:\/\/store.csslabs.de\/wp20\/wp-json\/wp\/v2\/comments?post=216"}],"version-history":[{"count":0,"href":"https:\/\/store.csslabs.de\/wp20\/wp-json\/wp\/v2\/pages\/216\/revisions"}],"wp:attachment":[{"href":"https:\/\/store.csslabs.de\/wp20\/wp-json\/wp\/v2\/media?parent=216"}],"curies":[{"name":"wp","href":"https:\/\/api.w.org\/{rel}","templated":true}]}}