{"id":26786,"date":"2022-10-03T18:21:34","date_gmt":"2022-10-03T16:21:34","guid":{"rendered":"https:\/\/store.csslabs.de\/wp20\/?page_id=26786"},"modified":"2025-12-31T19:31:27","modified_gmt":"2025-12-31T18:31:27","slug":"wartung","status":"publish","type":"page","link":"https:\/\/store.csslabs.de\/wp20\/wartung\/","title":{"rendered":"Wartung"},"content":{"rendered":"\t\t<div data-elementor-type=\"wp-page\" data-elementor-id=\"26786\" class=\"elementor elementor-26786\">\n\t\t\t\t\t\t<section class=\"elementor-section elementor-top-section elementor-element elementor-element-9fb5932 elementor-section-boxed elementor-section-height-default elementor-section-height-default\" data-id=\"9fb5932\" data-element_type=\"section\" data-e-type=\"section\">\n\t\t\t\t\t\t<div class=\"elementor-container elementor-column-gap-default\">\n\t\t\t\t\t<div class=\"elementor-column elementor-col-100 elementor-top-column elementor-element elementor-element-bb1a6a1\" data-id=\"bb1a6a1\" data-element_type=\"column\" data-e-type=\"column\">\n\t\t\t<div class=\"elementor-widget-wrap elementor-element-populated\">\n\t\t\t\t\t\t<div class=\"elementor-element elementor-element-d010501 elementor-widget elementor-widget-text-editor\" data-id=\"d010501\" data-element_type=\"widget\" data-e-type=\"widget\" data-widget_type=\"text-editor.default\">\n\t\t\t\t<div class=\"elementor-widget-container\">\n\t\t\t\t\t\t\t\t\t<p data-path-to-node=\"2,0\"><b data-path-to-node=\"2,0\" data-index-in-node=\"0\">Wir w\u00fcnschen Ihnen ein frohes neues Jahr <br \/>und freuen uns darauf, Sie bald wieder bei uns begr\u00fc\u00dfen zu d\u00fcrfen!<\/b><\/p><p data-path-to-node=\"2,1\">Unser Shop befindet sich derzeit im Wartungsmodus. <br \/>Wir sind voraussichtlich am <b data-path-to-node=\"2,1\" data-index-in-node=\"79\">07. Januar 2026<\/b> wieder f\u00fcr Sie da.<\/p><p><strong><br \/>We wish you a Happy New Year and look forward to seeing you again soon!<\/strong><\/p><p><strong>Our shop is currently under maintenance.<\/strong> <br \/>We expect to be back for you on <b data-path-to-node=\"2,1,1,0\" data-index-in-node=\"73\">January 7th, 2026<\/b>.<\/p>\t\t\t\t\t\t\t\t<\/div>\n\t\t\t\t<\/div>\n\t\t\t\t\t<\/div>\n\t\t<\/div>\n\t\t\t\t\t<\/div>\n\t\t<\/section>\n\t\t\t\t<\/div>\n\t\t","protected":false},"excerpt":{"rendered":"<p>Wir w\u00fcnschen Ihnen ein frohes neues Jahr und freuen uns darauf, Sie bald wieder bei uns begr\u00fc\u00dfen zu d\u00fcrfen! Unser Shop befindet sich derzeit im Wartungsmodus. Wir sind voraussichtlich am 07. Januar 2026 wieder f\u00fcr Sie da. We wish you a Happy New Year and look forward to seeing you again soon! Our shop is [&hellip;]<\/p>\n","protected":false},"author":1,"featured_media":0,"parent":0,"menu_order":0,"comment_status":"closed","ping_status":"closed","template":"","meta":{"footnotes":""},"class_list":["post-26786","page","type-page","status-publish","hentry"],"yoast_head":"<!-- This site is optimized with the Yoast SEO plugin v27.2 - https:\/\/yoast.com\/product\/yoast-seo-wordpress\/ -->\n<title>Wartung - CSS B2B Store \u2013 CSS MicroSystems GmbH<\/title>\n<meta name=\"robots\" content=\"index, follow, max-snippet:-1, max-image-preview:large, max-video-preview:-1\" \/>\n<link rel=\"canonical\" href=\"https:\/\/store.csslabs.de\/wp20\/wartung\/\" \/>\n<meta property=\"og:locale\" content=\"de_DE\" \/>\n<meta property=\"og:type\" content=\"article\" \/>\n<meta property=\"og:title\" content=\"Wartung - CSS B2B Store \u2013 CSS MicroSystems GmbH\" \/>\n<meta property=\"og:description\" content=\"Wir w\u00fcnschen Ihnen ein frohes neues Jahr und freuen uns darauf, Sie bald wieder bei uns begr\u00fc\u00dfen zu d\u00fcrfen! Unser Shop befindet sich derzeit im Wartungsmodus. Wir sind voraussichtlich am 07. Januar 2026 wieder f\u00fcr Sie da. We wish you a Happy New Year and look forward to seeing you again soon! Our shop is [&hellip;]\" \/>\n<meta property=\"og:url\" content=\"https:\/\/store.csslabs.de\/wp20\/wartung\/\" \/>\n<meta property=\"og:site_name\" content=\"CSS B2B Store \u2013 CSS MicroSystems GmbH\" \/>\n<meta property=\"article:publisher\" content=\"https:\/\/www.facebook.com\/css.microsystems\" \/>\n<meta property=\"article:modified_time\" content=\"2025-12-31T18:31:27+00:00\" \/>\n<meta name=\"twitter:card\" content=\"summary_large_image\" \/>\n<script type=\"application\/ld+json\" class=\"yoast-schema-graph\">{\"@context\":\"https:\/\/schema.org\",\"@graph\":[{\"@type\":\"WebPage\",\"@id\":\"https:\/\/store.csslabs.de\/wp20\/wartung\/\",\"url\":\"https:\/\/store.csslabs.de\/wp20\/wartung\/\",\"name\":\"Wartung - CSS B2B Store \u2013 CSS MicroSystems GmbH\",\"isPartOf\":{\"@id\":\"https:\/\/store.csslabs.de\/wp20\/#website\"},\"datePublished\":\"2022-10-03T16:21:34+00:00\",\"dateModified\":\"2025-12-31T18:31:27+00:00\",\"breadcrumb\":{\"@id\":\"https:\/\/store.csslabs.de\/wp20\/wartung\/#breadcrumb\"},\"inLanguage\":\"de\",\"potentialAction\":[{\"@type\":\"ReadAction\",\"target\":[\"https:\/\/store.csslabs.de\/wp20\/wartung\/\"]}]},{\"@type\":\"BreadcrumbList\",\"@id\":\"https:\/\/store.csslabs.de\/wp20\/wartung\/#breadcrumb\",\"itemListElement\":[{\"@type\":\"ListItem\",\"position\":1,\"name\":\"Home\",\"item\":\"https:\/\/store.csslabs.de\/wp20\/\"},{\"@type\":\"ListItem\",\"position\":2,\"name\":\"Wartung\"}]},{\"@type\":\"WebSite\",\"@id\":\"https:\/\/store.csslabs.de\/wp20\/#website\",\"url\":\"https:\/\/store.csslabs.de\/wp20\/\",\"name\":\"CSS B2B Store \u2013 CSS MicroSystems GmbH\",\"description\":\"The Assistive Technology Factory | B2B Store from The Assistiv Technology Factory\",\"publisher\":{\"@id\":\"https:\/\/store.csslabs.de\/wp20\/#organization\"},\"potentialAction\":[{\"@type\":\"SearchAction\",\"target\":{\"@type\":\"EntryPoint\",\"urlTemplate\":\"https:\/\/store.csslabs.de\/wp20\/?s={search_term_string}\"},\"query-input\":{\"@type\":\"PropertyValueSpecification\",\"valueRequired\":true,\"valueName\":\"search_term_string\"}}],\"inLanguage\":\"de\"},{\"@type\":\"Organization\",\"@id\":\"https:\/\/store.csslabs.de\/wp20\/#organization\",\"name\":\"CSS B2B Store \u2013 CSS MicroSystems GmbH\",\"url\":\"https:\/\/store.csslabs.de\/wp20\/\",\"logo\":{\"@type\":\"ImageObject\",\"inLanguage\":\"de\",\"@id\":\"https:\/\/store.csslabs.de\/wp20\/#\/schema\/logo\/image\/\",\"url\":\"https:\/\/store.csslabs.de\/wp20\/wp-content\/uploads\/2022\/05\/CSS-Icon-ohneEffekte_web.png\",\"contentUrl\":\"https:\/\/store.csslabs.de\/wp20\/wp-content\/uploads\/2022\/05\/CSS-Icon-ohneEffekte_web.png\",\"width\":1243,\"height\":1278,\"caption\":\"CSS B2B Store \u2013 CSS MicroSystems GmbH\"},\"image\":{\"@id\":\"https:\/\/store.csslabs.de\/wp20\/#\/schema\/logo\/image\/\"},\"sameAs\":[\"https:\/\/www.facebook.com\/css.microsystems\"]}]}<\/script>\n<!-- \/ Yoast SEO plugin. -->","yoast_head_json":{"title":"Wartung - CSS B2B Store \u2013 CSS MicroSystems GmbH","robots":{"index":"index","follow":"follow","max-snippet":"max-snippet:-1","max-image-preview":"max-image-preview:large","max-video-preview":"max-video-preview:-1"},"canonical":"https:\/\/store.csslabs.de\/wp20\/wartung\/","og_locale":"de_DE","og_type":"article","og_title":"Wartung - CSS B2B Store \u2013 CSS MicroSystems GmbH","og_description":"Wir w\u00fcnschen Ihnen ein frohes neues Jahr und freuen uns darauf, Sie bald wieder bei uns begr\u00fc\u00dfen zu d\u00fcrfen! Unser Shop befindet sich derzeit im Wartungsmodus. Wir sind voraussichtlich am 07. Januar 2026 wieder f\u00fcr Sie da. We wish you a Happy New Year and look forward to seeing you again soon! Our shop is [&hellip;]","og_url":"https:\/\/store.csslabs.de\/wp20\/wartung\/","og_site_name":"CSS B2B Store \u2013 CSS MicroSystems GmbH","article_publisher":"https:\/\/www.facebook.com\/css.microsystems","article_modified_time":"2025-12-31T18:31:27+00:00","twitter_card":"summary_large_image","schema":{"@context":"https:\/\/schema.org","@graph":[{"@type":"WebPage","@id":"https:\/\/store.csslabs.de\/wp20\/wartung\/","url":"https:\/\/store.csslabs.de\/wp20\/wartung\/","name":"Wartung - CSS B2B Store \u2013 CSS MicroSystems GmbH","isPartOf":{"@id":"https:\/\/store.csslabs.de\/wp20\/#website"},"datePublished":"2022-10-03T16:21:34+00:00","dateModified":"2025-12-31T18:31:27+00:00","breadcrumb":{"@id":"https:\/\/store.csslabs.de\/wp20\/wartung\/#breadcrumb"},"inLanguage":"de","potentialAction":[{"@type":"ReadAction","target":["https:\/\/store.csslabs.de\/wp20\/wartung\/"]}]},{"@type":"BreadcrumbList","@id":"https:\/\/store.csslabs.de\/wp20\/wartung\/#breadcrumb","itemListElement":[{"@type":"ListItem","position":1,"name":"Home","item":"https:\/\/store.csslabs.de\/wp20\/"},{"@type":"ListItem","position":2,"name":"Wartung"}]},{"@type":"WebSite","@id":"https:\/\/store.csslabs.de\/wp20\/#website","url":"https:\/\/store.csslabs.de\/wp20\/","name":"CSS B2B Store \u2013 CSS MicroSystems GmbH","description":"The Assistive Technology Factory | B2B Store from The Assistiv Technology Factory","publisher":{"@id":"https:\/\/store.csslabs.de\/wp20\/#organization"},"potentialAction":[{"@type":"SearchAction","target":{"@type":"EntryPoint","urlTemplate":"https:\/\/store.csslabs.de\/wp20\/?s={search_term_string}"},"query-input":{"@type":"PropertyValueSpecification","valueRequired":true,"valueName":"search_term_string"}}],"inLanguage":"de"},{"@type":"Organization","@id":"https:\/\/store.csslabs.de\/wp20\/#organization","name":"CSS B2B Store \u2013 CSS MicroSystems GmbH","url":"https:\/\/store.csslabs.de\/wp20\/","logo":{"@type":"ImageObject","inLanguage":"de","@id":"https:\/\/store.csslabs.de\/wp20\/#\/schema\/logo\/image\/","url":"https:\/\/store.csslabs.de\/wp20\/wp-content\/uploads\/2022\/05\/CSS-Icon-ohneEffekte_web.png","contentUrl":"https:\/\/store.csslabs.de\/wp20\/wp-content\/uploads\/2022\/05\/CSS-Icon-ohneEffekte_web.png","width":1243,"height":1278,"caption":"CSS B2B Store \u2013 CSS MicroSystems GmbH"},"image":{"@id":"https:\/\/store.csslabs.de\/wp20\/#\/schema\/logo\/image\/"},"sameAs":["https:\/\/www.facebook.com\/css.microsystems"]}]}},"_links":{"self":[{"href":"https:\/\/store.csslabs.de\/wp20\/wp-json\/wp\/v2\/pages\/26786","targetHints":{"allow":["GET"]}}],"collection":[{"href":"https:\/\/store.csslabs.de\/wp20\/wp-json\/wp\/v2\/pages"}],"about":[{"href":"https:\/\/store.csslabs.de\/wp20\/wp-json\/wp\/v2\/types\/page"}],"author":[{"embeddable":true,"href":"https:\/\/store.csslabs.de\/wp20\/wp-json\/wp\/v2\/users\/1"}],"replies":[{"embeddable":true,"href":"https:\/\/store.csslabs.de\/wp20\/wp-json\/wp\/v2\/comments?post=26786"}],"version-history":[{"count":3,"href":"https:\/\/store.csslabs.de\/wp20\/wp-json\/wp\/v2\/pages\/26786\/revisions"}],"predecessor-version":[{"id":39944,"href":"https:\/\/store.csslabs.de\/wp20\/wp-json\/wp\/v2\/pages\/26786\/revisions\/39944"}],"wp:attachment":[{"href":"https:\/\/store.csslabs.de\/wp20\/wp-json\/wp\/v2\/media?parent=26786"}],"curies":[{"name":"wp","href":"https:\/\/api.w.org\/{rel}","templated":true}]}}