{"id":8,"date":"2020-02-24T09:01:26","date_gmt":"2020-02-24T09:01:26","guid":{"rendered":"https:\/\/store.csslabs.de\/wp20\/index.php\/datenschutzvereinbarungen\/"},"modified":"2020-03-03T09:53:32","modified_gmt":"2020-03-03T08:53:32","slug":"datenschutzerklaerung","status":"publish","type":"page","link":"https:\/\/store.csslabs.de\/wp20\/datenschutzerklaerung\/","title":{"rendered":"Datenschutzerkl\u00e4rung"},"content":{"rendered":"<h1>Datenschutzerkl\u00e4rung<\/h1>\n<p><p>In dieser Datenschutzerkl\u00e4rung informieren wir Sie \u00fcber die Verarbeitung Ihrer personenbezogenen Daten.<\/p>\n<p> Sofern Sie Ihre Datenschutzeinstellungen \u00e4ndern m\u00f6chten (Einwilligungen erteilen oder bereits erteilte Einwilligungen widerrufen), klicken Sie <a target=\"_blank\" href=\"#\" class=\"sp-dsgvo-show-privacy-popup\">hier<\/a> um Ihre Einstellungen zu \u00e4ndern.<\/p>\n<h2>Verantwortlich<\/h2>\n<p>CSS MicroSystems GmbH, In den Hof\u00e4ckern 16, 74189 Weinsberg, Deutschland, <a href=\"mailto:css@css-microsystems.de\">css@css-microsystems.de<\/a>, 07134 5103111<\/p>\n<h2>Hosting Provider<\/h2>\n<h3>Strato<\/h3>\n<p><p>Wir hosten unsere Website bei unserem Auftragsverarbeiter <a target=\"_blank\" href=\"https:\/\/www.strato.de\/\">Strato<\/a>, Strato AG, Pascalstra\u00dfe 10, 10587 Berlin, Deutschland.<\/p>\n<p>Zum Zweck der Bereitstellung und der Auslieferung der Website werden Verbindungsdaten verarbeitet. Zum blo\u00dfen Zweck der Auslieferung und Bereitstellung der Website werden die Daten \u00fcber den Aufruf hinaus nicht gespeichert.<\/p>\n<p>Die Rechtsgrundlage f\u00fcr die Datenverarbeitung ist das berechtigte Interesse (unbedingte technische Notwendigkeit zur Bereitstellung und Auslieferung des von Ihnen durch Ihren Aufruf ausdr\u00fccklich gew\u00fcnschten Dienstes &#8222;Website&#8220;) gem\u00e4\u00df Art. 6 Abs. 1 lit. f DSGVO.<\/p>\n<p>Zum Betrieb der Website werden die Verbindungsdaten und weitere personenbezogenen Daten zus\u00e4tzlich im Rahmen diverser anderer Funktionen bzw. Dienste verarbeitet. Dar\u00fcber wird im Rahmen dieser Datenschutzerkl\u00e4rung bei den einzelnen Funktionen bzw. Diensten im Detail informiert.<\/p>\n<\/p>\n<h2>Kontaktformular<\/h2>\n<p><p>Auf unserer Website besteht die M\u00f6glichkeit, durch ein Kontaktformular direkt mit uns in Kontakt zu treten. Nach Absenden des Kontaktformulars erfolgt eine Verarbeitung der von Ihnen eingegebenen personenbezogenen Daten durch den Verantwortlichen zum Zweck der Bearbeitung Ihrer Anfrage auf Grundlage der von Ihnen durch das Absenden des Formulars erteilten Einwilligung gem. Art. 6 Abs. 1 lit. a DSGVO bis auf Widerruf.<br \/>Es besteht keine gesetzliche oder vertragliche Verpflichtung zur Bereitstellung der personenbezogenen Daten. Die Nichtbereitstellung hat lediglich zur Folge, dass Sie Ihr Anliegen nicht \u00fcbermitteln und wir dieses nicht bearbeiten k\u00f6nnen.<\/p>\n<\/p>\n<h2>Kommentarformular<\/h2>\n<p><p>Durch die Kommentierung unserer Produkte, Beitr\u00e4ge, Fotos oder Videos erfolgt eine Verarbeitung der von Ihnen angegebenen personenbezogenen Daten zum Zweck der Darstellung Ihrer Kommentierung auf unserer Website sowie der internen Dokumentation auf der Rechtsgrundlage des mit Ihnen geschlossenen Vertrags gem\u00e4\u00df Art. 6 Abs. 1 lit. b DSGVO (unentgeltlicher Hostingvertrag zur Darstellung Ihrer Kommentierung auf unserer Website). Auf unserer Website erfolgt eine Ver\u00f6ffentlichung Ihres Namens sowie Ihres Kommentars. Die Speicherung Ihrer personenbezogenen Daten erfolgt bis zur L\u00f6schung der Kommentierung.<\/p>\n<\/p>\n<h2>Sicherheitsdienste<\/h2>\n<p><p>Auf dieser Website nutzen wir zur Vermeidung von nicht menschlichen und automatisierten Eingaben das Angebot von Sicherheitsdienstleistern wie Captcha-Diensten.<\/p>\n<\/p>\n<h3>Google reCAPTCHA<\/h3>\n<p><p>Im Fall der Erteilung Ihrer Einwilligung verarbeiten wir mit dem Dienst <a target=\"_blank\" href=\"https:\/\/www.google.com\/recaptcha\/intro\/v3.html\">Google reCaptcha<\/a>, Google Ireland Limited, Gordon House, Barrow Street, Dublin 4, Irland als gemeinsame Verantwortliche Ihre personenbezogenen Daten zum Zweck der Vermeidung nicht menschlicher und automatisierter Eingaben. Dabei erm\u00f6glichen wir dem Dienst das Setzen von Cookies, die Erhebung von Verbindungsdaten und Daten ihres Webbrowsers. Zudem erm\u00f6glichen wir dem Dienst die Berechnung einer User-ID zur eindeutigen Identifizierung des Users im Rahmen des von Google betriebenen Werbenetzwerkes. Daten werden auf Ihrem Ger\u00e4t f\u00fcr die Dauer von bis zu zwei Jahren gespeichert.<\/p>\n<p>Die Rechtsgrundlage f\u00fcr die Datenverarbeitung ist Ihre Einwilligung gem\u00e4\u00df Art. 6 Abs 1 lit. a DSGVO. Die Nichterteilung der Einwilligung hat zur Folge, dass die Nutzung von reCaptcha und damit verbundenen Formularen nicht m\u00f6glich ist.<\/p>\n<p>Eine bereits erteilte Einwilligung k\u00f6nnen Sie widerrufen, indem Sie die <a target=\"_blank\" class=\"lwb-ppsp\" href=\"#\" title=\"Datenschutzeinstellungen\">Datenschutzeinstellungen<\/a> \u00e4ndern.<\/p>\n<p>Der Google Konzern \u00fcbermittelt Ihre personenbezogenen Daten in die USA. Die Rechtsgrundlage f\u00fcr die Daten\u00fcbermittlung in die USA ist Ihre Einwilligung gem\u00e4\u00df Art. 49 Abs 1 lit a iVm Art. 6 Abs 1 lit a DSGVO in Verbindung mit \u00a725 TTDSG. Sie wurden bereits vor Erteilung Ihrer Einwilligung informiert, dass die USA \u00fcber kein den Standards der EU entsprechendes Datenschutzniveau verf\u00fcgt. Insbesondere k\u00f6nnen US Geheimdienste auf Ihre Daten zugreifen, ohne dass Sie dar\u00fcber informiert werden und ohne dass Sie dagegen rechtlich vorgehen k\u00f6nnen. Der Europ\u00e4ische Gerichtshof hat aus diesem Grund in einem Urteil den fr\u00fcheren Angemessenheitsbeschluss (Privacy Shield) f\u00fcr ung\u00fcltig erkl\u00e4rt.<\/p>\n<\/p>\n<p><strong>Dienst:<\/strong>\u00a0Wordfence<br \/>\n<strong>Anbieter:<\/strong>\u00a0Defiant Inc.<br \/>\n<strong>Datenschutzerkl\u00e4rung:<\/strong>\u00a0<a href=\"https:\/\/www.wordfence.com\/privacy-policy\/\">https:\/\/www.wordfence.com\/privacy-policy\/<\/a><\/p>\n<p><strong>Dienst:<\/strong>\u00a0Honeypot for\u00a0Contact Form 7<br \/>\n<strong>Anbieter:<\/strong>\u00a0Nocean, Niagara Region, Canada<br \/>\n<strong>Datenschutzerkl\u00e4rung:<\/strong>\u00a0unknown (please contact us for questions)<\/p>\n<h2>Web Shop<\/h2>\n<p><p>Wir bieten Ihnen die M\u00f6glichkeit, Produkte direkt \u00fcber unseren Webshop zu erwerben. Im Rahmen des Webshops erfolgt eine Verarbeitung der von Ihnen eingegebenen Daten sowie Daten zu von Ihnen ausgew\u00e4hlten Produkten durch den Verantwortlichen zur Durchf\u00fchrung der Angebotslegung, des Vertragsabschlusses, der Vertragserf\u00fcllung sowie zur Erf\u00fcllung eventueller nachvertraglicher Verpflichtungen vor Vertragsabschluss auf Grundlage des von Ihnen initiierten vorvertraglichen Verh\u00e4ltnisses und nach Vertragsabschluss aufgrund des Vertrages gem. Art. 6 Abs. 1 lit. b DSGVO.<\/p>\n<p>Sofern der Kauf unserer Produkte \u00fcber einen bereits bestehenden Kunden-Account erfolgt ist oder ein Kunden-Account zur Abwicklung des Kaufs erstellt wurde, erfolgt die Verarbeitung Ihrer personenbezogenen Daten bis zur L\u00f6schung Ihres Kunden-Accounts.<\/p>\n<p>Bei Kunden, welche unsere Produkte \u00fcber ein Gast-Profil erworben haben, erfolgt die Verarbeitung Ihrer personenbezogenen Daten bis zum Ablauf der gesetzlichen Aufbewahrungspflichten.<\/p>\n<p> Es erfolgt eine mit dem Zweck der Vertragserf\u00fcllung zu vereinbarende Weiterverarbeitung Ihrer Daten zum Zweck des Direktmarketings in nicht einwilligungspflichtigen Formen wie dem adressierten postalischen Versand von Werbung bis auf Widerspruch.<\/p>\n<p>Es besteht keine gesetzliche oder vertragliche Verpflichtung zur Bereitstellung der personenbezogenen Daten. Die Bereitstellung ist jedoch zum Vertragsabschluss erforderlich. Die Nichtbereitstellung hat zur Folge, dass kein Vertragsabschluss erfolgen kann.<\/p>\n<p>Warenk\u00f6rbe von nicht registrierten Benutzern werden nach l\u00e4ngstens 14 Tagen gel\u00f6scht. Die Benutzerkonten registrierter Benutzer bleiben bis zur L\u00f6schung des Kontos durch den Benutzer bestehen. Vertragsdaten werden bis zur Verj\u00e4hrung m\u00f6glicher nachvertraglicher Verpflichtungen verarbeitet. <\/p>\n<\/p>\n<h2>Widerspruchsrecht<\/h2>\n<p><p>Sofern die Verarbeitung Ihrer personenbezogenen Daten auf Grundlage des berechtigten Interesses erfolgt, haben Sie das Recht gegen diese Verarbeitung zu widersprechen.<\/p>\n<p>Sofern keine zwingenden schutzw\u00fcrdigen Gr\u00fcnde f\u00fcr die Verarbeitung unsererseits vorliegen, wird die Verarbeitung Ihrer Daten auf Basis dieser Rechtsgrundlage eingestellt.<\/p>\n<p>Zudem haben Sie das Recht, der Verarbeitung Ihrer personenbezogenen Daten zum Zweck der Direktwerbung zu widersprechen. Im Fall des Widerspruchs werden Ihre personenbezogenen Daten nicht mehr zum Zweck der Direktwerbung verarbeitet.<\/p>\n<p>Die Rechtm\u00e4\u00dfigkeit der bis zum Widerspruch verarbeiteten Daten wird durch den Widerspruch nicht ber\u00fchrt.<\/p>\n<\/p>\n<h2>Widerrufsrecht<\/h2>\n<p><p>Sie haben das Recht eine bereits erteilte Einwilligung jederzeit zu widerrufen, indem Sie die <a target=\"_blank\" class=\"lwb-ppsp\" href=\"#\" title=\"Datenschutzeinstellungen\">Datenschutzeinstellungen<\/a> \u00e4ndern.<\/p>\n<p>Im Fall der Einwilligung in den Erhalt elektronischer Werbung kann der Widerruf Ihrer Einwilligung durch Klick auf den Abmeldelink erfolgen. In diesem Fall wird eine Verarbeitung, sofern keine andere Rechtsgrundlage besteht, eingestellt.<\/p>\n<p>Die Rechtm\u00e4\u00dfigkeit der bis zum Widerruf verarbeiteten Daten wird durch den Widerruf nicht ber\u00fchrt.<\/p>\n<\/p>\n<h2>Betroffenenrechte<\/h2>\n<p><p>Sie haben zudem das Recht auf Auskunft, Berichtigung, L\u00f6schung und Einschr\u00e4nkung der Verarbeitung der personenbezogenen Daten.<\/p>\n<p>Soweit die Rechtsgrundlage der Verarbeitung Ihrer personenbezogenen Daten in Ihrer Einwilligung oder in einem mit Ihnen abgeschlossenen Vertrag besteht, haben Sie \u00fcberdies das Recht auf Daten\u00fcbertragbarkeit. <\/p>\n<p>Weiters haben Sie das Recht auf Beschwerde bei der Aufsichtsbeh\u00f6rde. N\u00e4here Informationen zu den Aufsichtsbeh\u00f6rden in der Europ\u00e4ischen Union finden Sie <a target=\"_blank\" href=\"https:\/\/ec.europa.eu\/justice\/article-29\/structure\/data-protection-authorities\/index_en.htm\" title=\"Datenschutzbeh\u00f6rden\">hier<\/a>.<\/p><\/p>\n\n","protected":false},"excerpt":{"rendered":"","protected":false},"author":1,"featured_media":0,"parent":0,"menu_order":0,"comment_status":"closed","ping_status":"closed","template":"","meta":{"footnotes":""},"class_list":["post-8","page","type-page","status-publish","hentry"],"yoast_head":"<!-- This site is optimized with the Yoast SEO plugin v27.2 - https:\/\/yoast.com\/product\/yoast-seo-wordpress\/ -->\n<title>Datenschutzerkl\u00e4rung - CSS B2B Store \u2013 CSS MicroSystems GmbH<\/title>\n<meta name=\"robots\" content=\"index, follow, max-snippet:-1, max-image-preview:large, max-video-preview:-1\" \/>\n<link rel=\"canonical\" href=\"https:\/\/store.csslabs.de\/wp20\/datenschutzerklaerung\/\" \/>\n<meta property=\"og:locale\" content=\"de_DE\" \/>\n<meta property=\"og:type\" content=\"article\" \/>\n<meta property=\"og:title\" content=\"Datenschutzerkl\u00e4rung - CSS B2B Store \u2013 CSS MicroSystems GmbH\" \/>\n<meta property=\"og:url\" content=\"https:\/\/store.csslabs.de\/wp20\/datenschutzerklaerung\/\" \/>\n<meta property=\"og:site_name\" content=\"CSS B2B Store \u2013 CSS MicroSystems GmbH\" \/>\n<meta property=\"article:publisher\" content=\"https:\/\/www.facebook.com\/css.microsystems\" \/>\n<meta property=\"article:modified_time\" content=\"2020-03-03T08:53:32+00:00\" \/>\n<meta name=\"twitter:card\" content=\"summary_large_image\" \/>\n<script type=\"application\/ld+json\" class=\"yoast-schema-graph\">{\"@context\":\"https:\/\/schema.org\",\"@graph\":[{\"@type\":\"WebPage\",\"@id\":\"https:\/\/store.csslabs.de\/wp20\/datenschutzerklaerung\/\",\"url\":\"https:\/\/store.csslabs.de\/wp20\/datenschutzerklaerung\/\",\"name\":\"Datenschutzerkl\u00e4rung - CSS B2B Store \u2013 CSS MicroSystems GmbH\",\"isPartOf\":{\"@id\":\"https:\/\/store.csslabs.de\/wp20\/#website\"},\"datePublished\":\"2020-02-24T09:01:26+00:00\",\"dateModified\":\"2020-03-03T08:53:32+00:00\",\"breadcrumb\":{\"@id\":\"https:\/\/store.csslabs.de\/wp20\/datenschutzerklaerung\/#breadcrumb\"},\"inLanguage\":\"de\",\"potentialAction\":[{\"@type\":\"ReadAction\",\"target\":[\"https:\/\/store.csslabs.de\/wp20\/datenschutzerklaerung\/\"]}]},{\"@type\":\"BreadcrumbList\",\"@id\":\"https:\/\/store.csslabs.de\/wp20\/datenschutzerklaerung\/#breadcrumb\",\"itemListElement\":[{\"@type\":\"ListItem\",\"position\":1,\"name\":\"Home\",\"item\":\"https:\/\/store.csslabs.de\/wp20\/\"},{\"@type\":\"ListItem\",\"position\":2,\"name\":\"Datenschutzerkl\u00e4rung\"}]},{\"@type\":\"WebSite\",\"@id\":\"https:\/\/store.csslabs.de\/wp20\/#website\",\"url\":\"https:\/\/store.csslabs.de\/wp20\/\",\"name\":\"CSS B2B Store \u2013 CSS MicroSystems GmbH\",\"description\":\"The Assistive Technology Factory | B2B Store from The Assistiv Technology Factory\",\"publisher\":{\"@id\":\"https:\/\/store.csslabs.de\/wp20\/#organization\"},\"potentialAction\":[{\"@type\":\"SearchAction\",\"target\":{\"@type\":\"EntryPoint\",\"urlTemplate\":\"https:\/\/store.csslabs.de\/wp20\/?s={search_term_string}\"},\"query-input\":{\"@type\":\"PropertyValueSpecification\",\"valueRequired\":true,\"valueName\":\"search_term_string\"}}],\"inLanguage\":\"de\"},{\"@type\":\"Organization\",\"@id\":\"https:\/\/store.csslabs.de\/wp20\/#organization\",\"name\":\"CSS B2B Store \u2013 CSS MicroSystems GmbH\",\"url\":\"https:\/\/store.csslabs.de\/wp20\/\",\"logo\":{\"@type\":\"ImageObject\",\"inLanguage\":\"de\",\"@id\":\"https:\/\/store.csslabs.de\/wp20\/#\/schema\/logo\/image\/\",\"url\":\"https:\/\/store.csslabs.de\/wp20\/wp-content\/uploads\/2022\/05\/CSS-Icon-ohneEffekte_web.png\",\"contentUrl\":\"https:\/\/store.csslabs.de\/wp20\/wp-content\/uploads\/2022\/05\/CSS-Icon-ohneEffekte_web.png\",\"width\":1243,\"height\":1278,\"caption\":\"CSS B2B Store \u2013 CSS MicroSystems GmbH\"},\"image\":{\"@id\":\"https:\/\/store.csslabs.de\/wp20\/#\/schema\/logo\/image\/\"},\"sameAs\":[\"https:\/\/www.facebook.com\/css.microsystems\"]}]}<\/script>\n<!-- \/ Yoast SEO plugin. -->","yoast_head_json":{"title":"Datenschutzerkl\u00e4rung - CSS B2B Store \u2013 CSS MicroSystems GmbH","robots":{"index":"index","follow":"follow","max-snippet":"max-snippet:-1","max-image-preview":"max-image-preview:large","max-video-preview":"max-video-preview:-1"},"canonical":"https:\/\/store.csslabs.de\/wp20\/datenschutzerklaerung\/","og_locale":"de_DE","og_type":"article","og_title":"Datenschutzerkl\u00e4rung - CSS B2B Store \u2013 CSS MicroSystems GmbH","og_url":"https:\/\/store.csslabs.de\/wp20\/datenschutzerklaerung\/","og_site_name":"CSS B2B Store \u2013 CSS MicroSystems GmbH","article_publisher":"https:\/\/www.facebook.com\/css.microsystems","article_modified_time":"2020-03-03T08:53:32+00:00","twitter_card":"summary_large_image","schema":{"@context":"https:\/\/schema.org","@graph":[{"@type":"WebPage","@id":"https:\/\/store.csslabs.de\/wp20\/datenschutzerklaerung\/","url":"https:\/\/store.csslabs.de\/wp20\/datenschutzerklaerung\/","name":"Datenschutzerkl\u00e4rung - CSS B2B Store \u2013 CSS MicroSystems GmbH","isPartOf":{"@id":"https:\/\/store.csslabs.de\/wp20\/#website"},"datePublished":"2020-02-24T09:01:26+00:00","dateModified":"2020-03-03T08:53:32+00:00","breadcrumb":{"@id":"https:\/\/store.csslabs.de\/wp20\/datenschutzerklaerung\/#breadcrumb"},"inLanguage":"de","potentialAction":[{"@type":"ReadAction","target":["https:\/\/store.csslabs.de\/wp20\/datenschutzerklaerung\/"]}]},{"@type":"BreadcrumbList","@id":"https:\/\/store.csslabs.de\/wp20\/datenschutzerklaerung\/#breadcrumb","itemListElement":[{"@type":"ListItem","position":1,"name":"Home","item":"https:\/\/store.csslabs.de\/wp20\/"},{"@type":"ListItem","position":2,"name":"Datenschutzerkl\u00e4rung"}]},{"@type":"WebSite","@id":"https:\/\/store.csslabs.de\/wp20\/#website","url":"https:\/\/store.csslabs.de\/wp20\/","name":"CSS B2B Store \u2013 CSS MicroSystems GmbH","description":"The Assistive Technology Factory | B2B Store from The Assistiv Technology Factory","publisher":{"@id":"https:\/\/store.csslabs.de\/wp20\/#organization"},"potentialAction":[{"@type":"SearchAction","target":{"@type":"EntryPoint","urlTemplate":"https:\/\/store.csslabs.de\/wp20\/?s={search_term_string}"},"query-input":{"@type":"PropertyValueSpecification","valueRequired":true,"valueName":"search_term_string"}}],"inLanguage":"de"},{"@type":"Organization","@id":"https:\/\/store.csslabs.de\/wp20\/#organization","name":"CSS B2B Store \u2013 CSS MicroSystems GmbH","url":"https:\/\/store.csslabs.de\/wp20\/","logo":{"@type":"ImageObject","inLanguage":"de","@id":"https:\/\/store.csslabs.de\/wp20\/#\/schema\/logo\/image\/","url":"https:\/\/store.csslabs.de\/wp20\/wp-content\/uploads\/2022\/05\/CSS-Icon-ohneEffekte_web.png","contentUrl":"https:\/\/store.csslabs.de\/wp20\/wp-content\/uploads\/2022\/05\/CSS-Icon-ohneEffekte_web.png","width":1243,"height":1278,"caption":"CSS B2B Store \u2013 CSS MicroSystems GmbH"},"image":{"@id":"https:\/\/store.csslabs.de\/wp20\/#\/schema\/logo\/image\/"},"sameAs":["https:\/\/www.facebook.com\/css.microsystems"]}]}},"_links":{"self":[{"href":"https:\/\/store.csslabs.de\/wp20\/wp-json\/wp\/v2\/pages\/8","targetHints":{"allow":["GET"]}}],"collection":[{"href":"https:\/\/store.csslabs.de\/wp20\/wp-json\/wp\/v2\/pages"}],"about":[{"href":"https:\/\/store.csslabs.de\/wp20\/wp-json\/wp\/v2\/types\/page"}],"author":[{"embeddable":true,"href":"https:\/\/store.csslabs.de\/wp20\/wp-json\/wp\/v2\/users\/1"}],"replies":[{"embeddable":true,"href":"https:\/\/store.csslabs.de\/wp20\/wp-json\/wp\/v2\/comments?post=8"}],"version-history":[{"count":0,"href":"https:\/\/store.csslabs.de\/wp20\/wp-json\/wp\/v2\/pages\/8\/revisions"}],"wp:attachment":[{"href":"https:\/\/store.csslabs.de\/wp20\/wp-json\/wp\/v2\/media?parent=8"}],"curies":[{"name":"wp","href":"https:\/\/api.w.org\/{rel}","templated":true}]}}