{"id":4265,"date":"2022-04-22T18:38:43","date_gmt":"2022-04-22T16:38:43","guid":{"rendered":"https:\/\/store.csslabs.de\/wp20\/product\/externe-antenne-868-mhz-mit-5m-koaxkabel-fr-klemmenanschlu-magnetfu-und-mont\/"},"modified":"2026-04-14T20:21:44","modified_gmt":"2026-04-14T20:21:44","slug":"externe-antenne-868-mhz-mit-5m-koaxkabel-fr-klemmenanschlu-magnetfu-und-mont","status":"publish","type":"product","link":"https:\/\/store.csslabs.de\/wp20\/produkt\/externe-antenne-868-mhz-mit-5m-koaxkabel-fr-klemmenanschlu-magnetfu-und-mont\/","title":{"rendered":"Externe Antenne 868 MHz mit 5m Koaxkabel f\u00fcr Klemmenanschlu\u00df, Magnetfu\u00df und Mont"},"content":{"rendered":"<p>&nbsp;<\/p>\n","protected":false},"excerpt":{"rendered":"<p>&nbsp;<\/p>\n","protected":false},"featured_media":4266,"template":"","meta":[],"product_cat":[77,70],"product_tag":[],"class_list":{"0":"post-4265","1":"product","2":"type-product","3":"status-publish","4":"has-post-thumbnail","6":"product_cat-77","7":"product_cat-70","10":"first","11":"instock","12":"taxable","13":"shipping-taxable","14":"purchasable","15":"product-type-simple"},"yoast_head":"<!-- This site is optimized with the Yoast SEO plugin v27.2 - https:\/\/yoast.com\/product\/yoast-seo-wordpress\/ -->\n<title>Externe Antenne 868 MHz mit 5m Koaxkabel f\u00fcr Klemmenanschlu\u00df, Magnetfu\u00df und Mont - CSS B2B Store \u2013 CSS MicroSystems GmbH<\/title>\n<meta name=\"robots\" content=\"index, follow, max-snippet:-1, max-image-preview:large, max-video-preview:-1\" \/>\n<link rel=\"canonical\" href=\"https:\/\/store.csslabs.de\/wp20\/produkt\/externe-antenne-868-mhz-mit-5m-koaxkabel-fr-klemmenanschlu-magnetfu-und-mont\/\" \/>\n<meta property=\"og:locale\" content=\"de_DE\" \/>\n<meta property=\"og:type\" content=\"article\" \/>\n<meta property=\"og:title\" content=\"Externe Antenne 868 MHz mit 5m Koaxkabel f\u00fcr Klemmenanschlu\u00df, Magnetfu\u00df und Mont - CSS B2B Store \u2013 CSS MicroSystems GmbH\" \/>\n<meta property=\"og:description\" content=\"&nbsp;\" \/>\n<meta property=\"og:url\" content=\"https:\/\/store.csslabs.de\/wp20\/produkt\/externe-antenne-868-mhz-mit-5m-koaxkabel-fr-klemmenanschlu-magnetfu-und-mont\/\" \/>\n<meta property=\"og:site_name\" content=\"CSS B2B Store \u2013 CSS MicroSystems GmbH\" \/>\n<meta property=\"article:publisher\" content=\"https:\/\/www.facebook.com\/css.microsystems\" \/>\n<meta property=\"article:modified_time\" content=\"2026-04-14T20:21:44+00:00\" \/>\n<meta property=\"og:image\" content=\"https:\/\/store.csslabs.de\/wp20\/wp-content\/uploads\/Artikelbilder\/Antenne.jpg\" \/>\n\t<meta property=\"og:image:width\" content=\"700\" \/>\n\t<meta property=\"og:image:height\" content=\"769\" \/>\n\t<meta property=\"og:image:type\" content=\"image\/jpeg\" \/>\n<meta name=\"twitter:card\" content=\"summary_large_image\" \/>\n<meta name=\"twitter:label1\" content=\"Gesch\u00e4tzte Lesezeit\" \/>\n\t<meta name=\"twitter:data1\" content=\"1\u00a0Minute\" \/>\n<script type=\"application\/ld+json\" class=\"yoast-schema-graph\">{\"@context\":\"https:\/\/schema.org\",\"@graph\":[{\"@type\":\"WebPage\",\"@id\":\"https:\/\/store.csslabs.de\/wp20\/produkt\/externe-antenne-868-mhz-mit-5m-koaxkabel-fr-klemmenanschlu-magnetfu-und-mont\/\",\"url\":\"https:\/\/store.csslabs.de\/wp20\/produkt\/externe-antenne-868-mhz-mit-5m-koaxkabel-fr-klemmenanschlu-magnetfu-und-mont\/\",\"name\":\"Externe Antenne 868 MHz mit 5m Koaxkabel f\u00fcr Klemmenanschlu\u00df, Magnetfu\u00df und Mont - CSS B2B Store \u2013 CSS MicroSystems GmbH\",\"isPartOf\":{\"@id\":\"https:\/\/store.csslabs.de\/wp20\/#website\"},\"primaryImageOfPage\":{\"@id\":\"https:\/\/store.csslabs.de\/wp20\/produkt\/externe-antenne-868-mhz-mit-5m-koaxkabel-fr-klemmenanschlu-magnetfu-und-mont\/#primaryimage\"},\"image\":{\"@id\":\"https:\/\/store.csslabs.de\/wp20\/produkt\/externe-antenne-868-mhz-mit-5m-koaxkabel-fr-klemmenanschlu-magnetfu-und-mont\/#primaryimage\"},\"thumbnailUrl\":\"https:\/\/store.csslabs.de\/wp20\/wp-content\/uploads\/Artikelbilder\/Antenne.jpg\",\"datePublished\":\"2022-04-22T16:38:43+00:00\",\"dateModified\":\"2026-04-14T20:21:44+00:00\",\"breadcrumb\":{\"@id\":\"https:\/\/store.csslabs.de\/wp20\/produkt\/externe-antenne-868-mhz-mit-5m-koaxkabel-fr-klemmenanschlu-magnetfu-und-mont\/#breadcrumb\"},\"inLanguage\":\"de\",\"potentialAction\":[{\"@type\":\"ReadAction\",\"target\":[\"https:\/\/store.csslabs.de\/wp20\/produkt\/externe-antenne-868-mhz-mit-5m-koaxkabel-fr-klemmenanschlu-magnetfu-und-mont\/\"]}]},{\"@type\":\"ImageObject\",\"inLanguage\":\"de\",\"@id\":\"https:\/\/store.csslabs.de\/wp20\/produkt\/externe-antenne-868-mhz-mit-5m-koaxkabel-fr-klemmenanschlu-magnetfu-und-mont\/#primaryimage\",\"url\":\"https:\/\/store.csslabs.de\/wp20\/wp-content\/uploads\/Artikelbilder\/Antenne.jpg\",\"contentUrl\":\"https:\/\/store.csslabs.de\/wp20\/wp-content\/uploads\/Artikelbilder\/Antenne.jpg\",\"width\":700,\"height\":769,\"caption\":\"Externe Antenne 868 MHz mit 5m Koaxkabel f&uuml;r Klemmenanschlu&szlig;, Magnetfu&szlig; und Mont\"},{\"@type\":\"BreadcrumbList\",\"@id\":\"https:\/\/store.csslabs.de\/wp20\/produkt\/externe-antenne-868-mhz-mit-5m-koaxkabel-fr-klemmenanschlu-magnetfu-und-mont\/#breadcrumb\",\"itemListElement\":[{\"@type\":\"ListItem\",\"position\":1,\"name\":\"Home\",\"item\":\"https:\/\/store.csslabs.de\/wp20\/\"},{\"@type\":\"ListItem\",\"position\":2,\"name\":\"Shop\",\"item\":\"https:\/\/store.csslabs.de\/wp20\/shop\/\"},{\"@type\":\"ListItem\",\"position\":3,\"name\":\"Externe Antenne 868 MHz mit 5m Koaxkabel f&uuml;r Klemmenanschlu&szlig;, Magnetfu&szlig; und Mont\"}]},{\"@type\":\"WebSite\",\"@id\":\"https:\/\/store.csslabs.de\/wp20\/#website\",\"url\":\"https:\/\/store.csslabs.de\/wp20\/\",\"name\":\"CSS B2B Store \u2013 CSS MicroSystems GmbH\",\"description\":\"The Assistive Technology Factory | B2B Store from The Assistiv Technology Factory\",\"publisher\":{\"@id\":\"https:\/\/store.csslabs.de\/wp20\/#organization\"},\"potentialAction\":[{\"@type\":\"SearchAction\",\"target\":{\"@type\":\"EntryPoint\",\"urlTemplate\":\"https:\/\/store.csslabs.de\/wp20\/?s={search_term_string}\"},\"query-input\":{\"@type\":\"PropertyValueSpecification\",\"valueRequired\":true,\"valueName\":\"search_term_string\"}}],\"inLanguage\":\"de\"},{\"@type\":\"Organization\",\"@id\":\"https:\/\/store.csslabs.de\/wp20\/#organization\",\"name\":\"CSS B2B Store \u2013 CSS MicroSystems GmbH\",\"url\":\"https:\/\/store.csslabs.de\/wp20\/\",\"logo\":{\"@type\":\"ImageObject\",\"inLanguage\":\"de\",\"@id\":\"https:\/\/store.csslabs.de\/wp20\/#\/schema\/logo\/image\/\",\"url\":\"https:\/\/store.csslabs.de\/wp20\/wp-content\/uploads\/2022\/05\/CSS-Icon-ohneEffekte_web.png\",\"contentUrl\":\"https:\/\/store.csslabs.de\/wp20\/wp-content\/uploads\/2022\/05\/CSS-Icon-ohneEffekte_web.png\",\"width\":1243,\"height\":1278,\"caption\":\"CSS B2B Store \u2013 CSS MicroSystems GmbH\"},\"image\":{\"@id\":\"https:\/\/store.csslabs.de\/wp20\/#\/schema\/logo\/image\/\"},\"sameAs\":[\"https:\/\/www.facebook.com\/css.microsystems\"]}]}<\/script>\n<!-- \/ Yoast SEO plugin. -->","yoast_head_json":{"title":"Externe Antenne 868 MHz mit 5m Koaxkabel f\u00fcr Klemmenanschlu\u00df, Magnetfu\u00df und Mont - CSS B2B Store \u2013 CSS MicroSystems GmbH","robots":{"index":"index","follow":"follow","max-snippet":"max-snippet:-1","max-image-preview":"max-image-preview:large","max-video-preview":"max-video-preview:-1"},"canonical":"https:\/\/store.csslabs.de\/wp20\/produkt\/externe-antenne-868-mhz-mit-5m-koaxkabel-fr-klemmenanschlu-magnetfu-und-mont\/","og_locale":"de_DE","og_type":"article","og_title":"Externe Antenne 868 MHz mit 5m Koaxkabel f\u00fcr Klemmenanschlu\u00df, Magnetfu\u00df und Mont - CSS B2B Store \u2013 CSS MicroSystems GmbH","og_description":"&nbsp;","og_url":"https:\/\/store.csslabs.de\/wp20\/produkt\/externe-antenne-868-mhz-mit-5m-koaxkabel-fr-klemmenanschlu-magnetfu-und-mont\/","og_site_name":"CSS B2B Store \u2013 CSS MicroSystems GmbH","article_publisher":"https:\/\/www.facebook.com\/css.microsystems","article_modified_time":"2026-04-14T20:21:44+00:00","og_image":[{"width":700,"height":769,"url":"https:\/\/store.csslabs.de\/wp20\/wp-content\/uploads\/Artikelbilder\/Antenne.jpg","type":"image\/jpeg"}],"twitter_card":"summary_large_image","twitter_misc":{"Gesch\u00e4tzte Lesezeit":"1\u00a0Minute"},"schema":{"@context":"https:\/\/schema.org","@graph":[{"@type":"WebPage","@id":"https:\/\/store.csslabs.de\/wp20\/produkt\/externe-antenne-868-mhz-mit-5m-koaxkabel-fr-klemmenanschlu-magnetfu-und-mont\/","url":"https:\/\/store.csslabs.de\/wp20\/produkt\/externe-antenne-868-mhz-mit-5m-koaxkabel-fr-klemmenanschlu-magnetfu-und-mont\/","name":"Externe Antenne 868 MHz mit 5m Koaxkabel f\u00fcr Klemmenanschlu\u00df, Magnetfu\u00df und Mont - CSS B2B Store \u2013 CSS MicroSystems GmbH","isPartOf":{"@id":"https:\/\/store.csslabs.de\/wp20\/#website"},"primaryImageOfPage":{"@id":"https:\/\/store.csslabs.de\/wp20\/produkt\/externe-antenne-868-mhz-mit-5m-koaxkabel-fr-klemmenanschlu-magnetfu-und-mont\/#primaryimage"},"image":{"@id":"https:\/\/store.csslabs.de\/wp20\/produkt\/externe-antenne-868-mhz-mit-5m-koaxkabel-fr-klemmenanschlu-magnetfu-und-mont\/#primaryimage"},"thumbnailUrl":"https:\/\/store.csslabs.de\/wp20\/wp-content\/uploads\/Artikelbilder\/Antenne.jpg","datePublished":"2022-04-22T16:38:43+00:00","dateModified":"2026-04-14T20:21:44+00:00","breadcrumb":{"@id":"https:\/\/store.csslabs.de\/wp20\/produkt\/externe-antenne-868-mhz-mit-5m-koaxkabel-fr-klemmenanschlu-magnetfu-und-mont\/#breadcrumb"},"inLanguage":"de","potentialAction":[{"@type":"ReadAction","target":["https:\/\/store.csslabs.de\/wp20\/produkt\/externe-antenne-868-mhz-mit-5m-koaxkabel-fr-klemmenanschlu-magnetfu-und-mont\/"]}]},{"@type":"ImageObject","inLanguage":"de","@id":"https:\/\/store.csslabs.de\/wp20\/produkt\/externe-antenne-868-mhz-mit-5m-koaxkabel-fr-klemmenanschlu-magnetfu-und-mont\/#primaryimage","url":"https:\/\/store.csslabs.de\/wp20\/wp-content\/uploads\/Artikelbilder\/Antenne.jpg","contentUrl":"https:\/\/store.csslabs.de\/wp20\/wp-content\/uploads\/Artikelbilder\/Antenne.jpg","width":700,"height":769,"caption":"Externe Antenne 868 MHz mit 5m Koaxkabel f&uuml;r Klemmenanschlu&szlig;, Magnetfu&szlig; und Mont"},{"@type":"BreadcrumbList","@id":"https:\/\/store.csslabs.de\/wp20\/produkt\/externe-antenne-868-mhz-mit-5m-koaxkabel-fr-klemmenanschlu-magnetfu-und-mont\/#breadcrumb","itemListElement":[{"@type":"ListItem","position":1,"name":"Home","item":"https:\/\/store.csslabs.de\/wp20\/"},{"@type":"ListItem","position":2,"name":"Shop","item":"https:\/\/store.csslabs.de\/wp20\/shop\/"},{"@type":"ListItem","position":3,"name":"Externe Antenne 868 MHz mit 5m Koaxkabel f&uuml;r Klemmenanschlu&szlig;, Magnetfu&szlig; und Mont"}]},{"@type":"WebSite","@id":"https:\/\/store.csslabs.de\/wp20\/#website","url":"https:\/\/store.csslabs.de\/wp20\/","name":"CSS B2B Store \u2013 CSS MicroSystems GmbH","description":"The Assistive Technology Factory | B2B Store from The Assistiv Technology Factory","publisher":{"@id":"https:\/\/store.csslabs.de\/wp20\/#organization"},"potentialAction":[{"@type":"SearchAction","target":{"@type":"EntryPoint","urlTemplate":"https:\/\/store.csslabs.de\/wp20\/?s={search_term_string}"},"query-input":{"@type":"PropertyValueSpecification","valueRequired":true,"valueName":"search_term_string"}}],"inLanguage":"de"},{"@type":"Organization","@id":"https:\/\/store.csslabs.de\/wp20\/#organization","name":"CSS B2B Store \u2013 CSS MicroSystems GmbH","url":"https:\/\/store.csslabs.de\/wp20\/","logo":{"@type":"ImageObject","inLanguage":"de","@id":"https:\/\/store.csslabs.de\/wp20\/#\/schema\/logo\/image\/","url":"https:\/\/store.csslabs.de\/wp20\/wp-content\/uploads\/2022\/05\/CSS-Icon-ohneEffekte_web.png","contentUrl":"https:\/\/store.csslabs.de\/wp20\/wp-content\/uploads\/2022\/05\/CSS-Icon-ohneEffekte_web.png","width":1243,"height":1278,"caption":"CSS B2B Store \u2013 CSS MicroSystems GmbH"},"image":{"@id":"https:\/\/store.csslabs.de\/wp20\/#\/schema\/logo\/image\/"},"sameAs":["https:\/\/www.facebook.com\/css.microsystems"]}]}},"_links":{"self":[{"href":"https:\/\/store.csslabs.de\/wp20\/wp-json\/wp\/v2\/product\/4265","targetHints":{"allow":["GET"]}}],"collection":[{"href":"https:\/\/store.csslabs.de\/wp20\/wp-json\/wp\/v2\/product"}],"about":[{"href":"https:\/\/store.csslabs.de\/wp20\/wp-json\/wp\/v2\/types\/product"}],"version-history":[{"count":0,"href":"https:\/\/store.csslabs.de\/wp20\/wp-json\/wp\/v2\/product\/4265\/revisions"}],"wp:featuredmedia":[{"embeddable":true,"href":"https:\/\/store.csslabs.de\/wp20\/wp-json\/wp\/v2\/media\/4266"}],"wp:attachment":[{"href":"https:\/\/store.csslabs.de\/wp20\/wp-json\/wp\/v2\/media?parent=4265"}],"wp:term":[{"taxonomy":"product_cat","embeddable":true,"href":"https:\/\/store.csslabs.de\/wp20\/wp-json\/wp\/v2\/product_cat?post=4265"},{"taxonomy":"product_tag","embeddable":true,"href":"https:\/\/store.csslabs.de\/wp20\/wp-json\/wp\/v2\/product_tag?post=4265"}],"curies":[{"name":"wp","href":"https:\/\/api.w.org\/{rel}","templated":true}]}}